{"id":10359,"date":"2024-07-17T16:19:08","date_gmt":"2024-07-17T19:19:08","guid":{"rendered":"https:\/\/ferrepuertochile.cl\/?post_type=product&#038;p=10359"},"modified":"2025-03-10T12:05:15","modified_gmt":"2025-03-10T15:05:15","slug":"disco-traslapado-madera-45-grano-120-d-max","status":"publish","type":"product","link":"https:\/\/ferrepuertochile.cl\/index.php\/producto\/disco-traslapado-madera-45-grano-120-d-max\/","title":{"rendered":"Disco Traslapado Madera 4,5&#8243; Grano 120 D-Max"},"content":{"rendered":"<p>El disco traslapado, ofrece una velocidad de eliminaci\u00f3n de material perfecta en las superficies de madera. Las limaduras abrasivas con \u00f3xido de aluminio seminoble proporcionan una excelente tasa de eliminaci\u00f3n y vida \u00fatil en aplicaciones sobre la madera.<\/p>\n<p>Medida: 4,5&#8243;. Grano 120<\/p>\n","protected":false},"excerpt":{"rendered":"<p>El disco traslapado, ofrece una velocidad de eliminaci\u00f3n de material perfecta en las superficies de madera. Las limaduras abrasivas con \u00f3xido de aluminio seminoble proporcionan una excelente tasa de eliminaci\u00f3n y vida \u00fatil en aplicaciones sobre la madera. Medida: 4,5&#8243;. Grano 120<\/p>\n","protected":false},"featured_media":10355,"template":"","meta":[],"product_brand":[],"product_cat":[587,256],"product_tag":[],"class_list":{"0":"post-10359","1":"product","2":"type-product","3":"status-publish","4":"has-post-thumbnail","6":"product_cat-accesorios-para-herramientas","7":"product_cat-herramientas","9":"first","10":"instock","11":"shipping-taxable","12":"purchasable","13":"product-type-simple"},"_links":{"self":[{"href":"https:\/\/ferrepuertochile.cl\/index.php\/wp-json\/wp\/v2\/product\/10359","targetHints":{"allow":["GET"]}}],"collection":[{"href":"https:\/\/ferrepuertochile.cl\/index.php\/wp-json\/wp\/v2\/product"}],"about":[{"href":"https:\/\/ferrepuertochile.cl\/index.php\/wp-json\/wp\/v2\/types\/product"}],"wp:featuredmedia":[{"embeddable":true,"href":"https:\/\/ferrepuertochile.cl\/index.php\/wp-json\/wp\/v2\/media\/10355"}],"wp:attachment":[{"href":"https:\/\/ferrepuertochile.cl\/index.php\/wp-json\/wp\/v2\/media?parent=10359"}],"wp:term":[{"taxonomy":"product_brand","embeddable":true,"href":"https:\/\/ferrepuertochile.cl\/index.php\/wp-json\/wp\/v2\/product_brand?post=10359"},{"taxonomy":"product_cat","embeddable":true,"href":"https:\/\/ferrepuertochile.cl\/index.php\/wp-json\/wp\/v2\/product_cat?post=10359"},{"taxonomy":"product_tag","embeddable":true,"href":"https:\/\/ferrepuertochile.cl\/index.php\/wp-json\/wp\/v2\/product_tag?post=10359"}],"curies":[{"name":"wp","href":"https:\/\/api.w.org\/{rel}","templated":true}]}}