{"id":10354,"date":"2024-07-17T15:59:41","date_gmt":"2024-07-17T18:59:41","guid":{"rendered":"https:\/\/ferrepuertochile.cl\/?post_type=product&#038;p=10354"},"modified":"2025-03-10T12:05:15","modified_gmt":"2025-03-10T15:05:15","slug":"disco-traslapado-metal-45-grano-80-d-max","status":"publish","type":"product","link":"https:\/\/ferrepuertochile.cl\/index.php\/producto\/disco-traslapado-metal-45-grano-80-d-max\/","title":{"rendered":"Disco Traslapado Metal 4,5&#8243; Grano 80 D-Max"},"content":{"rendered":"<p>El disco traslapado, ofrece una velocidad de eliminaci\u00f3n de material perfecta en las superficies met\u00e1licas. Las limaduras abrasivas con \u00f3xido de aluminio seminoble proporcionan una excelente tasa de eliminaci\u00f3n y vida \u00fatil en aplicaciones sobre metal.<\/p>\n<p>Medida: 4,5&#8243;. Grano 80<\/p>\n","protected":false},"excerpt":{"rendered":"<p>El disco traslapado, ofrece una velocidad de eliminaci\u00f3n de material perfecta en las superficies met\u00e1licas. Las limaduras abrasivas con \u00f3xido de aluminio seminoble proporcionan una excelente tasa de eliminaci\u00f3n y vida \u00fatil en aplicaciones sobre metal. Medida: 4,5&#8243;. Grano 80<\/p>\n","protected":false},"featured_media":10355,"template":"","meta":[],"product_brand":[],"product_cat":[182,183],"product_tag":[],"class_list":{"0":"post-10354","1":"product","2":"type-product","3":"status-publish","4":"has-post-thumbnail","6":"product_cat-disco-de-desbaste-metal","7":"product_cat-disco-de-desbaste-traslapados","9":"first","10":"instock","11":"shipping-taxable","12":"purchasable","13":"product-type-simple"},"_links":{"self":[{"href":"https:\/\/ferrepuertochile.cl\/index.php\/wp-json\/wp\/v2\/product\/10354","targetHints":{"allow":["GET"]}}],"collection":[{"href":"https:\/\/ferrepuertochile.cl\/index.php\/wp-json\/wp\/v2\/product"}],"about":[{"href":"https:\/\/ferrepuertochile.cl\/index.php\/wp-json\/wp\/v2\/types\/product"}],"wp:featuredmedia":[{"embeddable":true,"href":"https:\/\/ferrepuertochile.cl\/index.php\/wp-json\/wp\/v2\/media\/10355"}],"wp:attachment":[{"href":"https:\/\/ferrepuertochile.cl\/index.php\/wp-json\/wp\/v2\/media?parent=10354"}],"wp:term":[{"taxonomy":"product_brand","embeddable":true,"href":"https:\/\/ferrepuertochile.cl\/index.php\/wp-json\/wp\/v2\/product_brand?post=10354"},{"taxonomy":"product_cat","embeddable":true,"href":"https:\/\/ferrepuertochile.cl\/index.php\/wp-json\/wp\/v2\/product_cat?post=10354"},{"taxonomy":"product_tag","embeddable":true,"href":"https:\/\/ferrepuertochile.cl\/index.php\/wp-json\/wp\/v2\/product_tag?post=10354"}],"curies":[{"name":"wp","href":"https:\/\/api.w.org\/{rel}","templated":true}]}}