{"id":10344,"date":"2024-07-17T15:18:18","date_gmt":"2024-07-17T18:18:18","guid":{"rendered":"https:\/\/ferrepuertochile.cl\/?post_type=product&#038;p=10344"},"modified":"2025-03-10T12:05:15","modified_gmt":"2025-03-10T15:05:15","slug":"rodillo-excelsior-poliester-18-cm-7","status":"publish","type":"product","link":"https:\/\/ferrepuertochile.cl\/index.php\/producto\/rodillo-excelsior-poliester-18-cm-7\/","title":{"rendered":"Rodillo Poli\u00e9ster 18 Cm 7&#8243; Excelsior"},"content":{"rendered":"<p>El Rodillo Termofusionado Excelsior entrega un acabado parejo y profesional gracias a su chiporro sint\u00e9tico termofusionado con fibras de 18 mm, que lo hace apto para todo tipo de pinturas y superficies. Sus medidas m\u00e1s peque\u00f1as permiten cubrir zonas m\u00e1s angostas con un f\u00e1cil acceso.<\/p>\n<p>Medida : 18 cent\u00edmetro<\/p>\n","protected":false},"excerpt":{"rendered":"<p>El Rodillo Termofusionado Excelsior entrega un acabado parejo y profesional gracias a su chiporro sint\u00e9tico termofusionado con fibras de 18 mm, que lo hace apto para todo tipo de pinturas y superficies. Sus medidas m\u00e1s peque\u00f1as permiten cubrir zonas m\u00e1s angostas con un f\u00e1cil acceso. Medida : 18 cent\u00edmetro<\/p>\n","protected":false},"featured_media":10345,"template":"","meta":[],"product_brand":[],"product_cat":[312,309],"product_tag":[],"class_list":{"0":"post-10344","1":"product","2":"type-product","3":"status-publish","4":"has-post-thumbnail","6":"product_cat-brochas-y-rodillos","7":"product_cat-herramientas-para-pintar","9":"first","10":"instock","11":"shipping-taxable","12":"purchasable","13":"product-type-simple"},"_links":{"self":[{"href":"https:\/\/ferrepuertochile.cl\/index.php\/wp-json\/wp\/v2\/product\/10344","targetHints":{"allow":["GET"]}}],"collection":[{"href":"https:\/\/ferrepuertochile.cl\/index.php\/wp-json\/wp\/v2\/product"}],"about":[{"href":"https:\/\/ferrepuertochile.cl\/index.php\/wp-json\/wp\/v2\/types\/product"}],"wp:featuredmedia":[{"embeddable":true,"href":"https:\/\/ferrepuertochile.cl\/index.php\/wp-json\/wp\/v2\/media\/10345"}],"wp:attachment":[{"href":"https:\/\/ferrepuertochile.cl\/index.php\/wp-json\/wp\/v2\/media?parent=10344"}],"wp:term":[{"taxonomy":"product_brand","embeddable":true,"href":"https:\/\/ferrepuertochile.cl\/index.php\/wp-json\/wp\/v2\/product_brand?post=10344"},{"taxonomy":"product_cat","embeddable":true,"href":"https:\/\/ferrepuertochile.cl\/index.php\/wp-json\/wp\/v2\/product_cat?post=10344"},{"taxonomy":"product_tag","embeddable":true,"href":"https:\/\/ferrepuertochile.cl\/index.php\/wp-json\/wp\/v2\/product_tag?post=10344"}],"curies":[{"name":"wp","href":"https:\/\/api.w.org\/{rel}","templated":true}]}}