{"id":10304,"date":"2024-07-17T11:45:40","date_gmt":"2024-07-17T14:45:40","guid":{"rendered":"https:\/\/ferrepuertochile.cl\/?post_type=product&#038;p=10304"},"modified":"2025-03-10T12:05:14","modified_gmt":"2025-03-10T15:05:14","slug":"hemic-punta-doble-phillips-ph2-iman-premium65mm-toma-hex-1-4","status":"publish","type":"product","link":"https:\/\/ferrepuertochile.cl\/index.php\/producto\/hemic-punta-doble-phillips-ph2-iman-premium65mm-toma-hex-1-4\/","title":{"rendered":"Punta Doble Phillips Ph2 Im\u00e1n Premium 65 Mm Toma Hex 1\/4&#8243; Hemic"},"content":{"rendered":"<p>Punta de atornillar Phillips PH2 de doble punta y largo de 65mm, con toma hexagonal 1\/4, imantada y con acabado que previene el \u00f3xido. Fabricada en acero de alta calidad para una \u00f3ptima vida \u00fatil. El fresado CNC de la punta, de alta precisi\u00f3n, asegura un \u00f3ptimo agarre del tornillo mejorando la aplicaci\u00f3n de la fuerza.<\/p>\n","protected":false},"excerpt":{"rendered":"<p>Punta de atornillar Phillips PH2 de doble punta y largo de 65mm, con toma hexagonal 1\/4, imantada y con acabado que previene el \u00f3xido. Fabricada en acero de alta calidad para una \u00f3ptima vida \u00fatil. El fresado CNC de la punta, de alta precisi\u00f3n, asegura un \u00f3ptimo agarre del tornillo mejorando la aplicaci\u00f3n de la&#8230;<\/p>\n","protected":false},"featured_media":11234,"template":"","meta":[],"product_brand":[],"product_cat":[587],"product_tag":[],"class_list":{"0":"post-10304","1":"product","2":"type-product","3":"status-publish","4":"has-post-thumbnail","6":"product_cat-accesorios-para-herramientas","8":"first","9":"instock","10":"shipping-taxable","11":"purchasable","12":"product-type-simple"},"_links":{"self":[{"href":"https:\/\/ferrepuertochile.cl\/index.php\/wp-json\/wp\/v2\/product\/10304","targetHints":{"allow":["GET"]}}],"collection":[{"href":"https:\/\/ferrepuertochile.cl\/index.php\/wp-json\/wp\/v2\/product"}],"about":[{"href":"https:\/\/ferrepuertochile.cl\/index.php\/wp-json\/wp\/v2\/types\/product"}],"wp:featuredmedia":[{"embeddable":true,"href":"https:\/\/ferrepuertochile.cl\/index.php\/wp-json\/wp\/v2\/media\/11234"}],"wp:attachment":[{"href":"https:\/\/ferrepuertochile.cl\/index.php\/wp-json\/wp\/v2\/media?parent=10304"}],"wp:term":[{"taxonomy":"product_brand","embeddable":true,"href":"https:\/\/ferrepuertochile.cl\/index.php\/wp-json\/wp\/v2\/product_brand?post=10304"},{"taxonomy":"product_cat","embeddable":true,"href":"https:\/\/ferrepuertochile.cl\/index.php\/wp-json\/wp\/v2\/product_cat?post=10304"},{"taxonomy":"product_tag","embeddable":true,"href":"https:\/\/ferrepuertochile.cl\/index.php\/wp-json\/wp\/v2\/product_tag?post=10304"}],"curies":[{"name":"wp","href":"https:\/\/api.w.org\/{rel}","templated":true}]}}