{"id":10290,"date":"2024-07-17T10:54:15","date_gmt":"2024-07-17T13:54:15","guid":{"rendered":"https:\/\/ferrepuertochile.cl\/?post_type=product&#038;p=10290"},"modified":"2025-03-10T12:05:14","modified_gmt":"2025-03-10T15:05:14","slug":"broca-hss-rectificada-4mm-blister-1un-hemic","status":"publish","type":"product","link":"https:\/\/ferrepuertochile.cl\/index.php\/producto\/broca-hss-rectificada-4mm-blister-1un-hemic\/","title":{"rendered":"Broca Hss Rectificada 4 Mm Blister 1 Unidad Hemic"},"content":{"rendered":"<p>Calidad profesional para aceros de construcci\u00f3n.<\/p>\n<p>Punta autocentrante para una perforaci\u00f3n m\u00e1s precisa.<\/p>\n<p>Para un mejor resultado comience el trabajo a baja velocidad.<\/p>\n<p>Informaci\u00f3n t\u00e9cnica:<\/p>\n<p>Toma cil\u00edndrica<\/p>\n<p>Acero fresado y rectificado<\/p>\n","protected":false},"excerpt":{"rendered":"<p>Calidad profesional para aceros de construcci\u00f3n. Punta autocentrante para una perforaci\u00f3n m\u00e1s precisa. Para un mejor resultado comience el trabajo a baja velocidad. Informaci\u00f3n t\u00e9cnica: Toma cil\u00edndrica Acero fresado y rectificado<\/p>\n","protected":false},"featured_media":10291,"template":"","meta":[],"product_brand":[],"product_cat":[587],"product_tag":[],"class_list":{"0":"post-10290","1":"product","2":"type-product","3":"status-publish","4":"has-post-thumbnail","6":"product_cat-accesorios-para-herramientas","8":"first","9":"instock","10":"shipping-taxable","11":"purchasable","12":"product-type-simple"},"_links":{"self":[{"href":"https:\/\/ferrepuertochile.cl\/index.php\/wp-json\/wp\/v2\/product\/10290","targetHints":{"allow":["GET"]}}],"collection":[{"href":"https:\/\/ferrepuertochile.cl\/index.php\/wp-json\/wp\/v2\/product"}],"about":[{"href":"https:\/\/ferrepuertochile.cl\/index.php\/wp-json\/wp\/v2\/types\/product"}],"wp:featuredmedia":[{"embeddable":true,"href":"https:\/\/ferrepuertochile.cl\/index.php\/wp-json\/wp\/v2\/media\/10291"}],"wp:attachment":[{"href":"https:\/\/ferrepuertochile.cl\/index.php\/wp-json\/wp\/v2\/media?parent=10290"}],"wp:term":[{"taxonomy":"product_brand","embeddable":true,"href":"https:\/\/ferrepuertochile.cl\/index.php\/wp-json\/wp\/v2\/product_brand?post=10290"},{"taxonomy":"product_cat","embeddable":true,"href":"https:\/\/ferrepuertochile.cl\/index.php\/wp-json\/wp\/v2\/product_cat?post=10290"},{"taxonomy":"product_tag","embeddable":true,"href":"https:\/\/ferrepuertochile.cl\/index.php\/wp-json\/wp\/v2\/product_tag?post=10290"}],"curies":[{"name":"wp","href":"https:\/\/api.w.org\/{rel}","templated":true}]}}