{"id":10274,"date":"2024-07-15T17:28:00","date_gmt":"2024-07-15T20:28:00","guid":{"rendered":"https:\/\/ferrepuertochile.cl\/?post_type=product&#038;p=10274"},"modified":"2024-09-26T17:58:13","modified_gmt":"2024-09-26T20:58:13","slug":"balon-gas-227-grs-yanes","status":"publish","type":"product","link":"https:\/\/ferrepuertochile.cl\/index.php\/producto\/balon-gas-227-grs-yanes\/","title":{"rendered":"Bal\u00f3n Gas 227 Grs Yanes"},"content":{"rendered":"<p>Sistema de montaje con v\u00e1lvula de seguridad que evita la filtraci\u00f3n de gas. Cartucho desechable antiexplosi\u00f3n. Mezcla butano \/ propano.<\/p>\n<p>Cantidad: 227 gramos<\/p>\n<p>Marca: Yanes<\/p>\n","protected":false},"excerpt":{"rendered":"<p>Sistema de montaje con v\u00e1lvula de seguridad que evita la filtraci\u00f3n de gas. Cartucho desechable antiexplosi\u00f3n. Mezcla butano \/ propano. Cantidad: 227 gramos Marca: Yanes<\/p>\n","protected":false},"featured_media":10277,"template":"","meta":[],"product_brand":[],"product_cat":[587],"product_tag":[],"class_list":{"0":"post-10274","1":"product","2":"type-product","3":"status-publish","4":"has-post-thumbnail","6":"product_cat-accesorios-para-herramientas","8":"first","9":"outofstock","10":"shipping-taxable","11":"purchasable","12":"product-type-simple"},"_links":{"self":[{"href":"https:\/\/ferrepuertochile.cl\/index.php\/wp-json\/wp\/v2\/product\/10274","targetHints":{"allow":["GET"]}}],"collection":[{"href":"https:\/\/ferrepuertochile.cl\/index.php\/wp-json\/wp\/v2\/product"}],"about":[{"href":"https:\/\/ferrepuertochile.cl\/index.php\/wp-json\/wp\/v2\/types\/product"}],"wp:featuredmedia":[{"embeddable":true,"href":"https:\/\/ferrepuertochile.cl\/index.php\/wp-json\/wp\/v2\/media\/10277"}],"wp:attachment":[{"href":"https:\/\/ferrepuertochile.cl\/index.php\/wp-json\/wp\/v2\/media?parent=10274"}],"wp:term":[{"taxonomy":"product_brand","embeddable":true,"href":"https:\/\/ferrepuertochile.cl\/index.php\/wp-json\/wp\/v2\/product_brand?post=10274"},{"taxonomy":"product_cat","embeddable":true,"href":"https:\/\/ferrepuertochile.cl\/index.php\/wp-json\/wp\/v2\/product_cat?post=10274"},{"taxonomy":"product_tag","embeddable":true,"href":"https:\/\/ferrepuertochile.cl\/index.php\/wp-json\/wp\/v2\/product_tag?post=10274"}],"curies":[{"name":"wp","href":"https:\/\/api.w.org\/{rel}","templated":true}]}}