{"id":10271,"date":"2024-07-15T16:04:26","date_gmt":"2024-07-15T19:04:26","guid":{"rendered":"https:\/\/ferrepuertochile.cl\/?post_type=product&#038;p=10271"},"modified":"2025-03-10T12:05:13","modified_gmt":"2025-03-10T15:05:13","slug":"pasta-para-soldar-lata-100-grs-indepp","status":"publish","type":"product","link":"https:\/\/ferrepuertochile.cl\/index.php\/producto\/pasta-para-soldar-lata-100-grs-indepp\/","title":{"rendered":"Pasta Para Soldar Lata 100 Grs Indepp"},"content":{"rendered":"<p>Resistente a temperaturas entre -50\u00b0 C a 200\u00b0 C, se recomienda su uso en uniones de rosca<br \/>\nLos fundentes como la Pasta para soldar, es un producto qu\u00edmico, que remueve las capas de \u00f3xido tanto del metal base como de la soldadura. Al calentarse el fundente acelerar\u00e1 y promover\u00e1 el escurrimiento de la soldadura sobre el metal base. Para ser aplicada en planchas, laminas galvanizadas, uniones de cobre o bronce y otros usos en general.<\/p>\n<p>Cantidad:100 gramos<\/p>\n<p>Marca: Indepp<\/p>\n","protected":false},"excerpt":{"rendered":"<p>Resistente a temperaturas entre -50\u00b0 C a 200\u00b0 C, se recomienda su uso en uniones de rosca Los fundentes como la Pasta para soldar, es un producto qu\u00edmico, que remueve las capas de \u00f3xido tanto del metal base como de la soldadura. Al calentarse el fundente acelerar\u00e1 y promover\u00e1 el escurrimiento de la soldadura sobre&#8230;<\/p>\n","protected":false},"featured_media":10272,"template":"","meta":[],"product_brand":[],"product_cat":[587,170],"product_tag":[],"class_list":{"0":"post-10271","1":"product","2":"type-product","3":"status-publish","4":"has-post-thumbnail","6":"product_cat-accesorios-para-herramientas","7":"product_cat-otras-fijaciones","9":"first","10":"instock","11":"shipping-taxable","12":"purchasable","13":"product-type-simple"},"_links":{"self":[{"href":"https:\/\/ferrepuertochile.cl\/index.php\/wp-json\/wp\/v2\/product\/10271","targetHints":{"allow":["GET"]}}],"collection":[{"href":"https:\/\/ferrepuertochile.cl\/index.php\/wp-json\/wp\/v2\/product"}],"about":[{"href":"https:\/\/ferrepuertochile.cl\/index.php\/wp-json\/wp\/v2\/types\/product"}],"wp:featuredmedia":[{"embeddable":true,"href":"https:\/\/ferrepuertochile.cl\/index.php\/wp-json\/wp\/v2\/media\/10272"}],"wp:attachment":[{"href":"https:\/\/ferrepuertochile.cl\/index.php\/wp-json\/wp\/v2\/media?parent=10271"}],"wp:term":[{"taxonomy":"product_brand","embeddable":true,"href":"https:\/\/ferrepuertochile.cl\/index.php\/wp-json\/wp\/v2\/product_brand?post=10271"},{"taxonomy":"product_cat","embeddable":true,"href":"https:\/\/ferrepuertochile.cl\/index.php\/wp-json\/wp\/v2\/product_cat?post=10271"},{"taxonomy":"product_tag","embeddable":true,"href":"https:\/\/ferrepuertochile.cl\/index.php\/wp-json\/wp\/v2\/product_tag?post=10271"}],"curies":[{"name":"wp","href":"https:\/\/api.w.org\/{rel}","templated":true}]}}