{"id":10266,"date":"2024-07-15T15:30:10","date_gmt":"2024-07-15T18:30:10","guid":{"rendered":"https:\/\/ferrepuertochile.cl\/?post_type=product&#038;p=10266"},"modified":"2025-03-10T12:05:13","modified_gmt":"2025-03-10T15:05:13","slug":"soldadura-50-estano-en-display-1-mt-con-pasta10-grs-indepp","status":"publish","type":"product","link":"https:\/\/ferrepuertochile.cl\/index.php\/producto\/soldadura-50-estano-en-display-1-mt-con-pasta10-grs-indepp\/","title":{"rendered":"Soldadura 50% Esta\u00f1o En Display 1 Metro Con Pasta10 Grs Indepp"},"content":{"rendered":"<p>La Pasta para Soldar Indepp es un producto formulado para la aplicaci\u00f3n en soldaduras al esta\u00f1o, tanto en trabajos de electricidad y electr\u00f3nica como en uniones de gasfiter\u00eda . Permite la aplicaci\u00f3n homog\u00e9nea de soldadura sobre las superficies a soldar.<\/p>\n<p>La Soldadura de Esta\u00f1o Indepp est\u00e1 formulada especialmente para su aplicaci\u00f3n en trabajos de gasfiter\u00eda, gracias a su terminaci\u00f3n resistente y flexible permite la uni\u00f3n \u00f3ptima en piezas de cobre o bronce.<\/p>\n<p>Largo: 1 metro<\/p>\n<p>Marca: Indepp<\/p>\n","protected":false},"excerpt":{"rendered":"<p>La Pasta para Soldar Indepp es un producto formulado para la aplicaci\u00f3n en soldaduras al esta\u00f1o, tanto en trabajos de electricidad y electr\u00f3nica como en uniones de gasfiter\u00eda . Permite la aplicaci\u00f3n homog\u00e9nea de soldadura sobre las superficies a soldar. La Soldadura de Esta\u00f1o Indepp est\u00e1 formulada especialmente para su aplicaci\u00f3n en trabajos de gasfiter\u00eda,&#8230;<\/p>\n","protected":false},"featured_media":10267,"template":"","meta":[],"product_brand":[],"product_cat":[170,207],"product_tag":[],"class_list":{"0":"post-10266","1":"product","2":"type-product","3":"status-publish","4":"has-post-thumbnail","6":"product_cat-otras-fijaciones","7":"product_cat-fitting-cobre-bronce","9":"first","10":"instock","11":"shipping-taxable","12":"purchasable","13":"product-type-simple"},"_links":{"self":[{"href":"https:\/\/ferrepuertochile.cl\/index.php\/wp-json\/wp\/v2\/product\/10266","targetHints":{"allow":["GET"]}}],"collection":[{"href":"https:\/\/ferrepuertochile.cl\/index.php\/wp-json\/wp\/v2\/product"}],"about":[{"href":"https:\/\/ferrepuertochile.cl\/index.php\/wp-json\/wp\/v2\/types\/product"}],"wp:featuredmedia":[{"embeddable":true,"href":"https:\/\/ferrepuertochile.cl\/index.php\/wp-json\/wp\/v2\/media\/10267"}],"wp:attachment":[{"href":"https:\/\/ferrepuertochile.cl\/index.php\/wp-json\/wp\/v2\/media?parent=10266"}],"wp:term":[{"taxonomy":"product_brand","embeddable":true,"href":"https:\/\/ferrepuertochile.cl\/index.php\/wp-json\/wp\/v2\/product_brand?post=10266"},{"taxonomy":"product_cat","embeddable":true,"href":"https:\/\/ferrepuertochile.cl\/index.php\/wp-json\/wp\/v2\/product_cat?post=10266"},{"taxonomy":"product_tag","embeddable":true,"href":"https:\/\/ferrepuertochile.cl\/index.php\/wp-json\/wp\/v2\/product_tag?post=10266"}],"curies":[{"name":"wp","href":"https:\/\/api.w.org\/{rel}","templated":true}]}}