{"id":10258,"date":"2024-07-15T13:48:55","date_gmt":"2024-07-15T16:48:55","guid":{"rendered":"https:\/\/ferrepuertochile.cl\/?post_type=product&#038;p=10258"},"modified":"2025-05-15T14:35:26","modified_gmt":"2025-05-15T17:35:26","slug":"remachadora-pop-105-total","status":"publish","type":"product","link":"https:\/\/ferrepuertochile.cl\/index.php\/producto\/remachadora-pop-105-total\/","title":{"rendered":"Remachadora Pop 10,5&#8243; Total"},"content":{"rendered":"<div id=\"product-description-short\" class=\"mb-md-4\">Remachadora pop fabricada con aleaci\u00f3n de aluminio, su mango es antideslizante, c\u00f3modo y f\u00e1cil de tomar. Esta remachadora puede utilizar distintos tama\u00f1os de remaches, estos son: 2.4mm &#8211; 3.2mm &#8211; 4mm y 4.8mm. Empaque bl\u00edster.<\/div>\n<div id=\"product-description-short\" class=\"mb-md-4\">\n<ul>\n<li>Tama\u00f1o: 10,5&#8243;<\/li>\n<li>Calidad: industrial.<\/li>\n<\/ul>\n<\/div>\n","protected":false},"excerpt":{"rendered":"<p>Remachadora pop fabricada con aleaci\u00f3n de aluminio, su mango es antideslizante, c\u00f3modo y f\u00e1cil de tomar. Esta remachadora puede utilizar distintos tama\u00f1os de remaches, estos son: 2.4mm &#8211; 3.2mm &#8211; 4mm y 4.8mm. Empaque bl\u00edster. Tama\u00f1o: 10,5&#8243; Calidad: industrial.<\/p>\n","protected":false},"featured_media":10259,"template":"","meta":[],"product_brand":[],"product_cat":[521,256],"product_tag":[],"class_list":{"0":"post-10258","1":"product","2":"type-product","3":"status-publish","4":"has-post-thumbnail","6":"product_cat-herramientas-manuales","7":"product_cat-herramientas","9":"first","10":"instock","11":"shipping-taxable","12":"purchasable","13":"product-type-simple"},"_links":{"self":[{"href":"https:\/\/ferrepuertochile.cl\/index.php\/wp-json\/wp\/v2\/product\/10258","targetHints":{"allow":["GET"]}}],"collection":[{"href":"https:\/\/ferrepuertochile.cl\/index.php\/wp-json\/wp\/v2\/product"}],"about":[{"href":"https:\/\/ferrepuertochile.cl\/index.php\/wp-json\/wp\/v2\/types\/product"}],"wp:featuredmedia":[{"embeddable":true,"href":"https:\/\/ferrepuertochile.cl\/index.php\/wp-json\/wp\/v2\/media\/10259"}],"wp:attachment":[{"href":"https:\/\/ferrepuertochile.cl\/index.php\/wp-json\/wp\/v2\/media?parent=10258"}],"wp:term":[{"taxonomy":"product_brand","embeddable":true,"href":"https:\/\/ferrepuertochile.cl\/index.php\/wp-json\/wp\/v2\/product_brand?post=10258"},{"taxonomy":"product_cat","embeddable":true,"href":"https:\/\/ferrepuertochile.cl\/index.php\/wp-json\/wp\/v2\/product_cat?post=10258"},{"taxonomy":"product_tag","embeddable":true,"href":"https:\/\/ferrepuertochile.cl\/index.php\/wp-json\/wp\/v2\/product_tag?post=10258"}],"curies":[{"name":"wp","href":"https:\/\/api.w.org\/{rel}","templated":true}]}}