{"id":10256,"date":"2024-07-15T13:33:27","date_gmt":"2024-07-15T16:33:27","guid":{"rendered":"https:\/\/ferrepuertochile.cl\/?post_type=product&#038;p=10256"},"modified":"2025-03-10T12:05:13","modified_gmt":"2025-03-10T15:05:13","slug":"desatornillador-test-electrico-100-a-500-v-14-cm-total","status":"publish","type":"product","link":"https:\/\/ferrepuertochile.cl\/index.php\/producto\/desatornillador-test-electrico-100-a-500-v-14-cm-total\/","title":{"rendered":"Desatornillador Test Electrico 100 A 500 V 14 Cm Total"},"content":{"rendered":"<p>&nbsp;<\/p>\n<ul>\n<li>Caracter\u00edstica de la punta: Plana<\/li>\n<li>Tama\u00f1o 140 mm.<\/li>\n<li>Tensi\u00f3n de prueba 100 &#8211; 500 V.<\/li>\n<\/ul>\n","protected":false},"excerpt":{"rendered":"<p>&nbsp; Caracter\u00edstica de la punta: Plana Tama\u00f1o 140 mm. Tensi\u00f3n de prueba 100 &#8211; 500 V.<\/p>\n","protected":false},"featured_media":10257,"template":"","meta":[],"product_brand":[],"product_cat":[256,257],"product_tag":[],"class_list":{"0":"post-10256","1":"product","2":"type-product","3":"status-publish","4":"has-post-thumbnail","6":"product_cat-herramientas","7":"product_cat-herramientas-electricas-herramientas","9":"first","10":"instock","11":"shipping-taxable","12":"purchasable","13":"product-type-simple"},"_links":{"self":[{"href":"https:\/\/ferrepuertochile.cl\/index.php\/wp-json\/wp\/v2\/product\/10256","targetHints":{"allow":["GET"]}}],"collection":[{"href":"https:\/\/ferrepuertochile.cl\/index.php\/wp-json\/wp\/v2\/product"}],"about":[{"href":"https:\/\/ferrepuertochile.cl\/index.php\/wp-json\/wp\/v2\/types\/product"}],"wp:featuredmedia":[{"embeddable":true,"href":"https:\/\/ferrepuertochile.cl\/index.php\/wp-json\/wp\/v2\/media\/10257"}],"wp:attachment":[{"href":"https:\/\/ferrepuertochile.cl\/index.php\/wp-json\/wp\/v2\/media?parent=10256"}],"wp:term":[{"taxonomy":"product_brand","embeddable":true,"href":"https:\/\/ferrepuertochile.cl\/index.php\/wp-json\/wp\/v2\/product_brand?post=10256"},{"taxonomy":"product_cat","embeddable":true,"href":"https:\/\/ferrepuertochile.cl\/index.php\/wp-json\/wp\/v2\/product_cat?post=10256"},{"taxonomy":"product_tag","embeddable":true,"href":"https:\/\/ferrepuertochile.cl\/index.php\/wp-json\/wp\/v2\/product_tag?post=10256"}],"curies":[{"name":"wp","href":"https:\/\/api.w.org\/{rel}","templated":true}]}}