{"id":10216,"date":"2024-07-05T17:06:10","date_gmt":"2024-07-05T20:06:10","guid":{"rendered":"https:\/\/ferrepuertochile.cl\/?post_type=product&#038;p=10216"},"modified":"2025-03-10T12:05:12","modified_gmt":"2025-03-10T15:05:12","slug":"alicate-de-punta-6-total","status":"publish","type":"product","link":"https:\/\/ferrepuertochile.cl\/index.php\/producto\/alicate-de-punta-6-total\/","title":{"rendered":"Alicate De Punta 6&#8243; Total"},"content":{"rendered":"<div id=\"product-description-short\" class=\"mb-md-4\">\n<div id=\"product-description-short\" class=\"mb-md-4\">\n<div id=\"product-description-short\" class=\"mb-md-4\">Alicate de punta 6&#8243;. Fabricado en acero molibdeno. Tiene un acabado negro y pulido. Empaque soporte de cart\u00f3n.<\/div>\n<div id=\"product-description-short\" class=\"mb-md-4\"><\/div>\n<\/div>\n<\/div>\n<div id=\"product-description-short\" class=\"mb-md-4\">\n<p class=\"product-name-single mb-md-4\">DESCRIPCI\u00d3N<\/p>\n<ul>\n<li>Tama\u00f1o: 6\u2033 (160mm).<\/li>\n<li>Calidad: Industrial.<\/li>\n<\/ul>\n<\/div>\n","protected":false},"excerpt":{"rendered":"<p>Alicate de punta 6&#8243;. Fabricado en acero molibdeno. Tiene un acabado negro y pulido. Empaque soporte de cart\u00f3n. DESCRIPCI\u00d3N Tama\u00f1o: 6\u2033 (160mm). Calidad: Industrial.<\/p>\n","protected":false},"featured_media":10217,"template":"","meta":[],"product_brand":[],"product_cat":[521,256],"product_tag":[],"class_list":{"0":"post-10216","1":"product","2":"type-product","3":"status-publish","4":"has-post-thumbnail","6":"product_cat-herramientas-manuales","7":"product_cat-herramientas","9":"first","10":"instock","11":"shipping-taxable","12":"purchasable","13":"product-type-simple"},"_links":{"self":[{"href":"https:\/\/ferrepuertochile.cl\/index.php\/wp-json\/wp\/v2\/product\/10216","targetHints":{"allow":["GET"]}}],"collection":[{"href":"https:\/\/ferrepuertochile.cl\/index.php\/wp-json\/wp\/v2\/product"}],"about":[{"href":"https:\/\/ferrepuertochile.cl\/index.php\/wp-json\/wp\/v2\/types\/product"}],"wp:featuredmedia":[{"embeddable":true,"href":"https:\/\/ferrepuertochile.cl\/index.php\/wp-json\/wp\/v2\/media\/10217"}],"wp:attachment":[{"href":"https:\/\/ferrepuertochile.cl\/index.php\/wp-json\/wp\/v2\/media?parent=10216"}],"wp:term":[{"taxonomy":"product_brand","embeddable":true,"href":"https:\/\/ferrepuertochile.cl\/index.php\/wp-json\/wp\/v2\/product_brand?post=10216"},{"taxonomy":"product_cat","embeddable":true,"href":"https:\/\/ferrepuertochile.cl\/index.php\/wp-json\/wp\/v2\/product_cat?post=10216"},{"taxonomy":"product_tag","embeddable":true,"href":"https:\/\/ferrepuertochile.cl\/index.php\/wp-json\/wp\/v2\/product_tag?post=10216"}],"curies":[{"name":"wp","href":"https:\/\/api.w.org\/{rel}","templated":true}]}}