{"id":10208,"date":"2024-07-05T16:48:48","date_gmt":"2024-07-05T19:48:48","guid":{"rendered":"https:\/\/ferrepuertochile.cl\/?post_type=product&#038;p=10208"},"modified":"2025-03-10T12:05:12","modified_gmt":"2025-03-10T15:05:12","slug":"alicate-universal-6-total","status":"publish","type":"product","link":"https:\/\/ferrepuertochile.cl\/index.php\/producto\/alicate-universal-6-total\/","title":{"rendered":"Alicate Universal 6\u00bb Total"},"content":{"rendered":"<p>Alicate universal 6&#8243;. Fabricado en acero molibdeno. Tiene un acabado negro y pulido. Empaque soporte de cart\u00f3n.<\/p>\n<p class=\"product-name-single mb-md-4\"><strong>DESCRIPCI\u00d3N<\/strong><\/p>\n<ul>\n<li>Tama\u00f1o: 6&#8243; (160mm).<\/li>\n<li>Calidad: Industrial.<\/li>\n<\/ul>\n","protected":false},"excerpt":{"rendered":"<p>Alicate universal 6&#8243;. Fabricado en acero molibdeno. Tiene un acabado negro y pulido. Empaque soporte de cart\u00f3n. DESCRIPCI\u00d3N Tama\u00f1o: 6&#8243; (160mm). Calidad: Industrial.<\/p>\n","protected":false},"featured_media":10209,"template":"","meta":[],"product_brand":[],"product_cat":[521,256],"product_tag":[],"class_list":{"0":"post-10208","1":"product","2":"type-product","3":"status-publish","4":"has-post-thumbnail","6":"product_cat-herramientas-manuales","7":"product_cat-herramientas","9":"first","10":"instock","11":"shipping-taxable","12":"purchasable","13":"product-type-simple"},"_links":{"self":[{"href":"https:\/\/ferrepuertochile.cl\/index.php\/wp-json\/wp\/v2\/product\/10208","targetHints":{"allow":["GET"]}}],"collection":[{"href":"https:\/\/ferrepuertochile.cl\/index.php\/wp-json\/wp\/v2\/product"}],"about":[{"href":"https:\/\/ferrepuertochile.cl\/index.php\/wp-json\/wp\/v2\/types\/product"}],"wp:featuredmedia":[{"embeddable":true,"href":"https:\/\/ferrepuertochile.cl\/index.php\/wp-json\/wp\/v2\/media\/10209"}],"wp:attachment":[{"href":"https:\/\/ferrepuertochile.cl\/index.php\/wp-json\/wp\/v2\/media?parent=10208"}],"wp:term":[{"taxonomy":"product_brand","embeddable":true,"href":"https:\/\/ferrepuertochile.cl\/index.php\/wp-json\/wp\/v2\/product_brand?post=10208"},{"taxonomy":"product_cat","embeddable":true,"href":"https:\/\/ferrepuertochile.cl\/index.php\/wp-json\/wp\/v2\/product_cat?post=10208"},{"taxonomy":"product_tag","embeddable":true,"href":"https:\/\/ferrepuertochile.cl\/index.php\/wp-json\/wp\/v2\/product_tag?post=10208"}],"curies":[{"name":"wp","href":"https:\/\/api.w.org\/{rel}","templated":true}]}}