{"id":10199,"date":"2024-07-05T15:39:42","date_gmt":"2024-07-05T18:39:42","guid":{"rendered":"https:\/\/ferrepuertochile.cl\/?post_type=product&#038;p=10199"},"modified":"2024-09-26T17:45:01","modified_gmt":"2024-09-26T20:45:01","slug":"pala-punta-huevo-eco-mango-metalicoamartillado-lioi","status":"publish","type":"product","link":"https:\/\/ferrepuertochile.cl\/index.php\/producto\/pala-punta-huevo-eco-mango-metalicoamartillado-lioi\/","title":{"rendered":"Pala Punta Huevo Eco Mango Met\u00e1lico Amartillado Lioi"},"content":{"rendered":"<p class=\"content-descriptor-title\">Pala punta de huevo acero<\/p>\n<p class=\"content-descriptor-text\">La Pala punta de huevo acero es una herramienta vers\u00e1til y robusta que se utiliza para diversas tareas en la construcci\u00f3n, jardiner\u00eda y agricultura.<\/p>\n<p class=\"content-descriptor-title\">Caracter\u00edsticas:<\/p>\n<p class=\"content-descriptor-text\">Est\u00e1 fabricada en acero, lo que le proporciona la resistencia necesaria para manipular diferentes materiales de construcci\u00f3n, como gravilla, cemento, arena, tierra, piedra y hormig\u00f3n. Su dise\u00f1o ergon\u00f3mico se adapta a las extremidades del usuario, lo que agiliza el trabajo en proyectos y obras. El mango de metal delgado y consistente facilita su transporte en espacios reducidos, y permite realizar excavaciones y el movimiento de materiales de manera eficiente. La plancha de la pala tiene una cavidad c\u00f3ncava que facilita la recolecci\u00f3n de una cantidad significativa de material en cada carga. Adem\u00e1s, su mango de madera proporciona un manejo pr\u00e1ctico, preciso y eficaz de la herramienta.<\/p>\n","protected":false},"excerpt":{"rendered":"<p>Pala punta de huevo acero La Pala punta de huevo acero es una herramienta vers\u00e1til y robusta que se utiliza para diversas tareas en la construcci\u00f3n, jardiner\u00eda y agricultura. Caracter\u00edsticas: Est\u00e1 fabricada en acero, lo que le proporciona la resistencia necesaria para manipular diferentes materiales de construcci\u00f3n, como gravilla, cemento, arena, tierra, piedra y hormig\u00f3n&#8230;.<\/p>\n","protected":false},"featured_media":10200,"template":"","meta":[],"product_brand":[],"product_cat":[521,256],"product_tag":[],"class_list":{"0":"post-10199","1":"product","2":"type-product","3":"status-publish","4":"has-post-thumbnail","6":"product_cat-herramientas-manuales","7":"product_cat-herramientas","9":"first","10":"outofstock","11":"shipping-taxable","12":"purchasable","13":"product-type-simple"},"_links":{"self":[{"href":"https:\/\/ferrepuertochile.cl\/index.php\/wp-json\/wp\/v2\/product\/10199","targetHints":{"allow":["GET"]}}],"collection":[{"href":"https:\/\/ferrepuertochile.cl\/index.php\/wp-json\/wp\/v2\/product"}],"about":[{"href":"https:\/\/ferrepuertochile.cl\/index.php\/wp-json\/wp\/v2\/types\/product"}],"wp:featuredmedia":[{"embeddable":true,"href":"https:\/\/ferrepuertochile.cl\/index.php\/wp-json\/wp\/v2\/media\/10200"}],"wp:attachment":[{"href":"https:\/\/ferrepuertochile.cl\/index.php\/wp-json\/wp\/v2\/media?parent=10199"}],"wp:term":[{"taxonomy":"product_brand","embeddable":true,"href":"https:\/\/ferrepuertochile.cl\/index.php\/wp-json\/wp\/v2\/product_brand?post=10199"},{"taxonomy":"product_cat","embeddable":true,"href":"https:\/\/ferrepuertochile.cl\/index.php\/wp-json\/wp\/v2\/product_cat?post=10199"},{"taxonomy":"product_tag","embeddable":true,"href":"https:\/\/ferrepuertochile.cl\/index.php\/wp-json\/wp\/v2\/product_tag?post=10199"}],"curies":[{"name":"wp","href":"https:\/\/api.w.org\/{rel}","templated":true}]}}