{"id":10191,"date":"2024-07-05T14:48:00","date_gmt":"2024-07-05T17:48:00","guid":{"rendered":"https:\/\/ferrepuertochile.cl\/?post_type=product&#038;p=10191"},"modified":"2025-03-10T12:05:12","modified_gmt":"2025-03-10T15:05:12","slug":"electrodo-6011-3-32-25mm-bolsa-kilo-delta","status":"publish","type":"product","link":"https:\/\/ferrepuertochile.cl\/index.php\/producto\/electrodo-6011-3-32-25mm-bolsa-kilo-delta\/","title":{"rendered":"Electrodo 6011 3\/32&#8243; 2,5 Mm Bolsa Kilo Delta"},"content":{"rendered":"<p>Los Electrodos DELTA 3\/32&#8243; E-6011, corresponde al grupo de los accesorios de maquinarias y se trata de un producto de ferreter\u00eda para soldadura al arco. Es un elemento que combina las funciones de electrodo y fundente ya que parte de su material se incorpora a la aleaci\u00f3n que resulta del trabajo de soldadura. Se utiliza en trabajos de cerrajer\u00eda, en estructuras livianas de acero al carbono y en muebles met\u00e1licos, etc. Presentaci\u00f3n en envases de 1 KG .<\/p>\n","protected":false},"excerpt":{"rendered":"<p>Los Electrodos DELTA 3\/32&#8243; E-6011, corresponde al grupo de los accesorios de maquinarias y se trata de un producto de ferreter\u00eda para soldadura al arco. Es un elemento que combina las funciones de electrodo y fundente ya que parte de su material se incorpora a la aleaci\u00f3n que resulta del trabajo de soldadura. Se utiliza&#8230;<\/p>\n","protected":false},"featured_media":10192,"template":"","meta":[],"product_brand":[],"product_cat":[166],"product_tag":[],"class_list":{"0":"post-10191","1":"product","2":"type-product","3":"status-publish","4":"has-post-thumbnail","6":"product_cat-fijaciones-para-metal","8":"first","9":"instock","10":"shipping-taxable","11":"purchasable","12":"product-type-simple"},"_links":{"self":[{"href":"https:\/\/ferrepuertochile.cl\/index.php\/wp-json\/wp\/v2\/product\/10191","targetHints":{"allow":["GET"]}}],"collection":[{"href":"https:\/\/ferrepuertochile.cl\/index.php\/wp-json\/wp\/v2\/product"}],"about":[{"href":"https:\/\/ferrepuertochile.cl\/index.php\/wp-json\/wp\/v2\/types\/product"}],"wp:featuredmedia":[{"embeddable":true,"href":"https:\/\/ferrepuertochile.cl\/index.php\/wp-json\/wp\/v2\/media\/10192"}],"wp:attachment":[{"href":"https:\/\/ferrepuertochile.cl\/index.php\/wp-json\/wp\/v2\/media?parent=10191"}],"wp:term":[{"taxonomy":"product_brand","embeddable":true,"href":"https:\/\/ferrepuertochile.cl\/index.php\/wp-json\/wp\/v2\/product_brand?post=10191"},{"taxonomy":"product_cat","embeddable":true,"href":"https:\/\/ferrepuertochile.cl\/index.php\/wp-json\/wp\/v2\/product_cat?post=10191"},{"taxonomy":"product_tag","embeddable":true,"href":"https:\/\/ferrepuertochile.cl\/index.php\/wp-json\/wp\/v2\/product_tag?post=10191"}],"curies":[{"name":"wp","href":"https:\/\/api.w.org\/{rel}","templated":true}]}}