{"id":10172,"date":"2024-07-04T18:14:19","date_gmt":"2024-07-04T21:14:19","guid":{"rendered":"https:\/\/ferrepuertochile.cl\/?post_type=product&#038;p=10172"},"modified":"2024-09-26T17:38:33","modified_gmt":"2024-09-26T20:38:33","slug":"taladro-atornillador-inalambrico-20v-10mm1bateria-2ah-1-carg-total","status":"publish","type":"product","link":"https:\/\/ferrepuertochile.cl\/index.php\/producto\/taladro-atornillador-inalambrico-20v-10mm1bateria-2ah-1-carg-total\/","title":{"rendered":"Taladro Atornillador Inal\u00e1mbrico 20 V 10 Mm + 1 Bater\u00eda 2 Ah +1 Carga Total"},"content":{"rendered":"<p>El Taladro Atornillador Inal\u00e1mbrico 20V 10mm es una herramienta el\u00e9ctrica port\u00e1til dise\u00f1ada para taladrar y atornillar sin la necesidad de cables. Funciona con una bater\u00eda de 20V y viene con una bater\u00eda adicional de 2Ah, lo que proporciona un buen tiempo de funcionamiento. Incluye tambi\u00e9n un cargador. El portabrocas de 10 mm permite el uso de una variedad de brocas y puntas de atornillado, ideal para trabajos de bricolaje y profesionales en distintos materiales como madera, metal y pl\u00e1stico.<\/p>\n","protected":false},"excerpt":{"rendered":"<p>El Taladro Atornillador Inal\u00e1mbrico 20V 10mm es una herramienta el\u00e9ctrica port\u00e1til dise\u00f1ada para taladrar y atornillar sin la necesidad de cables. Funciona con una bater\u00eda de 20V y viene con una bater\u00eda adicional de 2Ah, lo que proporciona un buen tiempo de funcionamiento. Incluye tambi\u00e9n un cargador. El portabrocas de 10 mm permite el uso&#8230;<\/p>\n","protected":false},"featured_media":10173,"template":"","meta":[],"product_brand":[],"product_cat":[257,262,258],"product_tag":[],"class_list":{"0":"post-10172","1":"product","2":"type-product","3":"status-publish","4":"has-post-thumbnail","6":"product_cat-herramientas-electricas-herramientas","7":"product_cat-atornilladores","8":"product_cat-taladros","10":"first","11":"outofstock","12":"shipping-taxable","13":"purchasable","14":"product-type-simple"},"_links":{"self":[{"href":"https:\/\/ferrepuertochile.cl\/index.php\/wp-json\/wp\/v2\/product\/10172","targetHints":{"allow":["GET"]}}],"collection":[{"href":"https:\/\/ferrepuertochile.cl\/index.php\/wp-json\/wp\/v2\/product"}],"about":[{"href":"https:\/\/ferrepuertochile.cl\/index.php\/wp-json\/wp\/v2\/types\/product"}],"wp:featuredmedia":[{"embeddable":true,"href":"https:\/\/ferrepuertochile.cl\/index.php\/wp-json\/wp\/v2\/media\/10173"}],"wp:attachment":[{"href":"https:\/\/ferrepuertochile.cl\/index.php\/wp-json\/wp\/v2\/media?parent=10172"}],"wp:term":[{"taxonomy":"product_brand","embeddable":true,"href":"https:\/\/ferrepuertochile.cl\/index.php\/wp-json\/wp\/v2\/product_brand?post=10172"},{"taxonomy":"product_cat","embeddable":true,"href":"https:\/\/ferrepuertochile.cl\/index.php\/wp-json\/wp\/v2\/product_cat?post=10172"},{"taxonomy":"product_tag","embeddable":true,"href":"https:\/\/ferrepuertochile.cl\/index.php\/wp-json\/wp\/v2\/product_tag?post=10172"}],"curies":[{"name":"wp","href":"https:\/\/api.w.org\/{rel}","templated":true}]}}