{"id":10168,"date":"2024-07-03T18:33:48","date_gmt":"2024-07-03T21:33:48","guid":{"rendered":"https:\/\/ferrepuertochile.cl\/?post_type=product&#038;p=10168"},"modified":"2025-03-10T12:05:09","modified_gmt":"2025-03-10T15:05:09","slug":"llave-manilla-roja-20mm-ppr-gris-tianyan-2","status":"publish","type":"product","link":"https:\/\/ferrepuertochile.cl\/index.php\/producto\/llave-manilla-roja-20mm-ppr-gris-tianyan-2\/","title":{"rendered":"Llave Manilla Roja 20 Mm PPR Gris Tianyan"},"content":{"rendered":"<p>La Llave Manilla Roja 20 mm PPR Gris Tianyan es un dispositivo de control de flujo utilizado en sistemas de tuber\u00edas. Fabricada en polipropileno random copol\u00edmero (PPR) de color gris, tiene un di\u00e1metro de 20 mm y una manilla roja que permite abrir o cerrar el paso del agua. Es resistente a la corrosi\u00f3n y a altas temperaturas, ideal para instalaciones de agua potable y calefacci\u00f3n. Esta llave facilita el control y regulaci\u00f3n del flujo de agua en el sistema.<\/p>\n","protected":false},"excerpt":{"rendered":"<p>La Llave Manilla Roja 20 mm PPR Gris Tianyan es un dispositivo de control de flujo utilizado en sistemas de tuber\u00edas. Fabricada en polipropileno random copol\u00edmero (PPR) de color gris, tiene un di\u00e1metro de 20 mm y una manilla roja que permite abrir o cerrar el paso del agua. Es resistente a la corrosi\u00f3n y&#8230;<\/p>\n","protected":false},"featured_media":10166,"template":"","meta":[],"product_brand":[],"product_cat":[210],"product_tag":[],"class_list":{"0":"post-10168","1":"product","2":"type-product","3":"status-publish","4":"has-post-thumbnail","6":"product_cat-fitting-ppr","8":"first","9":"instock","10":"shipping-taxable","11":"purchasable","12":"product-type-simple"},"_links":{"self":[{"href":"https:\/\/ferrepuertochile.cl\/index.php\/wp-json\/wp\/v2\/product\/10168","targetHints":{"allow":["GET"]}}],"collection":[{"href":"https:\/\/ferrepuertochile.cl\/index.php\/wp-json\/wp\/v2\/product"}],"about":[{"href":"https:\/\/ferrepuertochile.cl\/index.php\/wp-json\/wp\/v2\/types\/product"}],"wp:featuredmedia":[{"embeddable":true,"href":"https:\/\/ferrepuertochile.cl\/index.php\/wp-json\/wp\/v2\/media\/10166"}],"wp:attachment":[{"href":"https:\/\/ferrepuertochile.cl\/index.php\/wp-json\/wp\/v2\/media?parent=10168"}],"wp:term":[{"taxonomy":"product_brand","embeddable":true,"href":"https:\/\/ferrepuertochile.cl\/index.php\/wp-json\/wp\/v2\/product_brand?post=10168"},{"taxonomy":"product_cat","embeddable":true,"href":"https:\/\/ferrepuertochile.cl\/index.php\/wp-json\/wp\/v2\/product_cat?post=10168"},{"taxonomy":"product_tag","embeddable":true,"href":"https:\/\/ferrepuertochile.cl\/index.php\/wp-json\/wp\/v2\/product_tag?post=10168"}],"curies":[{"name":"wp","href":"https:\/\/api.w.org\/{rel}","templated":true}]}}