{"id":10161,"date":"2024-07-03T17:54:29","date_gmt":"2024-07-03T20:54:29","guid":{"rendered":"https:\/\/ferrepuertochile.cl\/?post_type=product&#038;p=10161"},"modified":"2024-09-26T17:33:12","modified_gmt":"2024-09-26T20:33:12","slug":"tapa-tornillo-ppr-1-2-2-hoffens","status":"publish","type":"product","link":"https:\/\/ferrepuertochile.cl\/index.php\/producto\/tapa-tornillo-ppr-1-2-2-hoffens\/","title":{"rendered":"Tapa Tornillo PPR 1\/2&#8243; Hoffens"},"content":{"rendered":"<p>Permite sellar la red a trav\u00e9s del hilo externo.<br \/>\nPara conectar te recomendamos usar Tefl\u00f3n.<\/p>\n<p><strong>Informaci\u00f3n T\u00e9cnica<\/strong><\/p>\n<p>&#8211; Presi\u00f3n m\u00e1xima de trabajo recomendada: PN12.5<br \/>\n&#8211; Temperatura de trabajo: de 0 a 25\u00baC<\/p>\n","protected":false},"excerpt":{"rendered":"<p>Permite sellar la red a trav\u00e9s del hilo externo. Para conectar te recomendamos usar Tefl\u00f3n. Informaci\u00f3n T\u00e9cnica &#8211; Presi\u00f3n m\u00e1xima de trabajo recomendada: PN12.5 &#8211; Temperatura de trabajo: de 0 a 25\u00baC<\/p>\n","protected":false},"featured_media":10159,"template":"","meta":[],"product_brand":[],"product_cat":[210],"product_tag":[],"class_list":{"0":"post-10161","1":"product","2":"type-product","3":"status-publish","4":"has-post-thumbnail","6":"product_cat-fitting-ppr","8":"first","9":"outofstock","10":"shipping-taxable","11":"purchasable","12":"product-type-simple"},"_links":{"self":[{"href":"https:\/\/ferrepuertochile.cl\/index.php\/wp-json\/wp\/v2\/product\/10161","targetHints":{"allow":["GET"]}}],"collection":[{"href":"https:\/\/ferrepuertochile.cl\/index.php\/wp-json\/wp\/v2\/product"}],"about":[{"href":"https:\/\/ferrepuertochile.cl\/index.php\/wp-json\/wp\/v2\/types\/product"}],"wp:featuredmedia":[{"embeddable":true,"href":"https:\/\/ferrepuertochile.cl\/index.php\/wp-json\/wp\/v2\/media\/10159"}],"wp:attachment":[{"href":"https:\/\/ferrepuertochile.cl\/index.php\/wp-json\/wp\/v2\/media?parent=10161"}],"wp:term":[{"taxonomy":"product_brand","embeddable":true,"href":"https:\/\/ferrepuertochile.cl\/index.php\/wp-json\/wp\/v2\/product_brand?post=10161"},{"taxonomy":"product_cat","embeddable":true,"href":"https:\/\/ferrepuertochile.cl\/index.php\/wp-json\/wp\/v2\/product_cat?post=10161"},{"taxonomy":"product_tag","embeddable":true,"href":"https:\/\/ferrepuertochile.cl\/index.php\/wp-json\/wp\/v2\/product_tag?post=10161"}],"curies":[{"name":"wp","href":"https:\/\/api.w.org\/{rel}","templated":true}]}}