{"id":10156,"date":"2024-07-03T16:55:20","date_gmt":"2024-07-03T19:55:20","guid":{"rendered":"https:\/\/ferrepuertochile.cl\/?post_type=product&#038;p=10156"},"modified":"2025-03-10T12:05:09","modified_gmt":"2025-03-10T15:05:09","slug":"pasa-tubo-corto-ppr-gris-20mm-edr","status":"publish","type":"product","link":"https:\/\/ferrepuertochile.cl\/index.php\/producto\/pasa-tubo-corto-ppr-gris-20mm-edr\/","title":{"rendered":"Pasa Tubo Corto PPR Gris 20 Mm EDR"},"content":{"rendered":"<div class=\"flex-shrink-0 flex flex-col relative items-end\">\n<div class=\"pt-0.5 juice:pt-0\">\n<div class=\"gizmo-bot-avatar flex h-6 w-6 items-center justify-center overflow-hidden rounded-full juice:h-8 juice:w-8\">\n<div class=\"relative p-1 rounded-sm flex items-center justify-center bg-token-main-surface-primary text-token-text-primary h-8 w-8\">El Pasa Tubo Corto PPR Gris 20 mm EDR es un accesorio de tuber\u00eda utilizado para permitir el paso de una tuber\u00eda a trav\u00e9s de una pared u otra superficie, asegurando una conexi\u00f3n estable y segura. Fabricado en polipropileno random copol\u00edmero (PPR) de color gris, este accesorio tiene un di\u00e1metro de 20 mm. Es resistente a la corrosi\u00f3n y a altas temperaturas, ideal para instalaciones de agua potable y sistemas de calefacci\u00f3n.<\/div>\n<\/div>\n<\/div>\n<\/div>\n","protected":false},"excerpt":{"rendered":"<p>El Pasa Tubo Corto PPR Gris 20 mm EDR es un accesorio de tuber\u00eda utilizado para permitir el paso de una tuber\u00eda a trav\u00e9s de una pared u otra superficie, asegurando una conexi\u00f3n estable y segura. Fabricado en polipropileno random copol\u00edmero (PPR) de color gris, este accesorio tiene un di\u00e1metro de 20 mm. Es resistente&#8230;<\/p>\n","protected":false},"featured_media":10153,"template":"","meta":[],"product_brand":[],"product_cat":[210],"product_tag":[],"class_list":{"0":"post-10156","1":"product","2":"type-product","3":"status-publish","4":"has-post-thumbnail","6":"product_cat-fitting-ppr","8":"first","9":"instock","10":"shipping-taxable","11":"purchasable","12":"product-type-simple"},"_links":{"self":[{"href":"https:\/\/ferrepuertochile.cl\/index.php\/wp-json\/wp\/v2\/product\/10156","targetHints":{"allow":["GET"]}}],"collection":[{"href":"https:\/\/ferrepuertochile.cl\/index.php\/wp-json\/wp\/v2\/product"}],"about":[{"href":"https:\/\/ferrepuertochile.cl\/index.php\/wp-json\/wp\/v2\/types\/product"}],"wp:featuredmedia":[{"embeddable":true,"href":"https:\/\/ferrepuertochile.cl\/index.php\/wp-json\/wp\/v2\/media\/10153"}],"wp:attachment":[{"href":"https:\/\/ferrepuertochile.cl\/index.php\/wp-json\/wp\/v2\/media?parent=10156"}],"wp:term":[{"taxonomy":"product_brand","embeddable":true,"href":"https:\/\/ferrepuertochile.cl\/index.php\/wp-json\/wp\/v2\/product_brand?post=10156"},{"taxonomy":"product_cat","embeddable":true,"href":"https:\/\/ferrepuertochile.cl\/index.php\/wp-json\/wp\/v2\/product_cat?post=10156"},{"taxonomy":"product_tag","embeddable":true,"href":"https:\/\/ferrepuertochile.cl\/index.php\/wp-json\/wp\/v2\/product_tag?post=10156"}],"curies":[{"name":"wp","href":"https:\/\/api.w.org\/{rel}","templated":true}]}}