{"id":10149,"date":"2024-07-03T16:34:46","date_gmt":"2024-07-03T19:34:46","guid":{"rendered":"https:\/\/ferrepuertochile.cl\/?post_type=product&#038;p=10149"},"modified":"2025-03-10T12:05:09","modified_gmt":"2025-03-10T15:05:09","slug":"union-americana-ppr-20mm-tianyan","status":"publish","type":"product","link":"https:\/\/ferrepuertochile.cl\/index.php\/producto\/union-americana-ppr-20mm-tianyan\/","title":{"rendered":"Uni\u00f3n Americana PPR 20 Mm Tianyan"},"content":{"rendered":"<p>La Uni\u00f3n Americana es un accesorio de tuber\u00eda utilizado para conectar secciones de tuber\u00edas de manera desmontable. Estar fabricada de materiales resistentes como PPR. Es com\u00fanmente utilizada en sistemas de plomer\u00eda y aplicaciones industriales para facilitar el mantenimiento y la reparaci\u00f3n de las tuber\u00edas.<\/p>\n","protected":false},"excerpt":{"rendered":"<p>La Uni\u00f3n Americana es un accesorio de tuber\u00eda utilizado para conectar secciones de tuber\u00edas de manera desmontable. Estar fabricada de materiales resistentes como PPR. Es com\u00fanmente utilizada en sistemas de plomer\u00eda y aplicaciones industriales para facilitar el mantenimiento y la reparaci\u00f3n de las tuber\u00edas.<\/p>\n","protected":false},"featured_media":10150,"template":"","meta":[],"product_brand":[],"product_cat":[210],"product_tag":[],"class_list":{"0":"post-10149","1":"product","2":"type-product","3":"status-publish","4":"has-post-thumbnail","6":"product_cat-fitting-ppr","8":"first","9":"instock","10":"shipping-taxable","11":"purchasable","12":"product-type-simple"},"_links":{"self":[{"href":"https:\/\/ferrepuertochile.cl\/index.php\/wp-json\/wp\/v2\/product\/10149","targetHints":{"allow":["GET"]}}],"collection":[{"href":"https:\/\/ferrepuertochile.cl\/index.php\/wp-json\/wp\/v2\/product"}],"about":[{"href":"https:\/\/ferrepuertochile.cl\/index.php\/wp-json\/wp\/v2\/types\/product"}],"wp:featuredmedia":[{"embeddable":true,"href":"https:\/\/ferrepuertochile.cl\/index.php\/wp-json\/wp\/v2\/media\/10150"}],"wp:attachment":[{"href":"https:\/\/ferrepuertochile.cl\/index.php\/wp-json\/wp\/v2\/media?parent=10149"}],"wp:term":[{"taxonomy":"product_brand","embeddable":true,"href":"https:\/\/ferrepuertochile.cl\/index.php\/wp-json\/wp\/v2\/product_brand?post=10149"},{"taxonomy":"product_cat","embeddable":true,"href":"https:\/\/ferrepuertochile.cl\/index.php\/wp-json\/wp\/v2\/product_cat?post=10149"},{"taxonomy":"product_tag","embeddable":true,"href":"https:\/\/ferrepuertochile.cl\/index.php\/wp-json\/wp\/v2\/product_tag?post=10149"}],"curies":[{"name":"wp","href":"https:\/\/api.w.org\/{rel}","templated":true}]}}