{"id":10142,"date":"2024-07-03T15:49:19","date_gmt":"2024-07-03T18:49:19","guid":{"rendered":"https:\/\/ferrepuertochile.cl\/?post_type=product&#038;p=10142"},"modified":"2025-03-10T12:05:09","modified_gmt":"2025-03-10T15:05:09","slug":"cruceta-ppr-gris-20mm-tianyan","status":"publish","type":"product","link":"https:\/\/ferrepuertochile.cl\/index.php\/producto\/cruceta-ppr-gris-20mm-tianyan\/","title":{"rendered":"Cruceta PPR Gris 20 Mm Tianyan"},"content":{"rendered":"<p>La Cruceta PPR Gris de 20 mm es un accesorio de tuber\u00eda que permite la conexi\u00f3n de cuatro tramos de tuber\u00edas en forma de cruz, facilitando la distribuci\u00f3n del flujo en cuatro direcciones. Fabricada en polipropileno random copol\u00edmero (PPR) de color gris, esta pieza es resistente a la corrosi\u00f3n y a altas temperaturas, ideal para instalaciones de agua potable y sistemas de calefacci\u00f3n. Su dise\u00f1o asegura una conexi\u00f3n segura y duradera entre las tuber\u00edas de 20 mm de di\u00e1metro.<\/p>\n","protected":false},"excerpt":{"rendered":"<p>La Cruceta PPR Gris de 20 mm es un accesorio de tuber\u00eda que permite la conexi\u00f3n de cuatro tramos de tuber\u00edas en forma de cruz, facilitando la distribuci\u00f3n del flujo en cuatro direcciones. Fabricada en polipropileno random copol\u00edmero (PPR) de color gris, esta pieza es resistente a la corrosi\u00f3n y a altas temperaturas, ideal para&#8230;<\/p>\n","protected":false},"featured_media":10141,"template":"","meta":[],"product_brand":[],"product_cat":[210],"product_tag":[],"class_list":{"0":"post-10142","1":"product","2":"type-product","3":"status-publish","4":"has-post-thumbnail","6":"product_cat-fitting-ppr","8":"first","9":"instock","10":"shipping-taxable","11":"purchasable","12":"product-type-simple"},"_links":{"self":[{"href":"https:\/\/ferrepuertochile.cl\/index.php\/wp-json\/wp\/v2\/product\/10142","targetHints":{"allow":["GET"]}}],"collection":[{"href":"https:\/\/ferrepuertochile.cl\/index.php\/wp-json\/wp\/v2\/product"}],"about":[{"href":"https:\/\/ferrepuertochile.cl\/index.php\/wp-json\/wp\/v2\/types\/product"}],"wp:featuredmedia":[{"embeddable":true,"href":"https:\/\/ferrepuertochile.cl\/index.php\/wp-json\/wp\/v2\/media\/10141"}],"wp:attachment":[{"href":"https:\/\/ferrepuertochile.cl\/index.php\/wp-json\/wp\/v2\/media?parent=10142"}],"wp:term":[{"taxonomy":"product_brand","embeddable":true,"href":"https:\/\/ferrepuertochile.cl\/index.php\/wp-json\/wp\/v2\/product_brand?post=10142"},{"taxonomy":"product_cat","embeddable":true,"href":"https:\/\/ferrepuertochile.cl\/index.php\/wp-json\/wp\/v2\/product_cat?post=10142"},{"taxonomy":"product_tag","embeddable":true,"href":"https:\/\/ferrepuertochile.cl\/index.php\/wp-json\/wp\/v2\/product_tag?post=10142"}],"curies":[{"name":"wp","href":"https:\/\/api.w.org\/{rel}","templated":true}]}}