{"id":10139,"date":"2024-07-03T15:39:53","date_gmt":"2024-07-03T18:39:53","guid":{"rendered":"https:\/\/ferrepuertochile.cl\/?post_type=product&#038;p=10139"},"modified":"2025-03-10T12:05:09","modified_gmt":"2025-03-10T15:05:09","slug":"codo-doble-ppr-25mm-x-1-2-hi-hoffens","status":"publish","type":"product","link":"https:\/\/ferrepuertochile.cl\/index.php\/producto\/codo-doble-ppr-25mm-x-1-2-hi-hoffens\/","title":{"rendered":"Codo Doble PPR 25 Mm X 1\/2&#8243; Hi Hoffens"},"content":{"rendered":"<div class=\"flex flex-grow flex-col max-w-full\">\n<div class=\"min-h-[20px] text-message flex flex-col items-start whitespace-pre-wrap break-words [.text-message+&amp;]:mt-5 juice:w-full juice:items-end overflow-x-auto gap-2\" dir=\"auto\" data-message-author-role=\"assistant\" data-message-id=\"be31f732-9da3-49b9-843b-3ff3cda41c93\">\n<div class=\"flex w-full flex-col gap-1 juice:empty:hidden juice:first:pt-[3px]\">\n<div class=\"markdown prose w-full break-words dark:prose-invert dark\">\n<p>El Codo Doble PPR 25 x 1\/2 Hi es un accesorio de tuber\u00eda utilizado para cambiar la direcci\u00f3n del flujo en dos \u00e1ngulos de 90 grados. Este codo tiene un extremo de 25 mm para soldar con tuber\u00edas de PPR y un extremo roscado de 1\/2\u201d para conectar a accesorios o tuber\u00edas met\u00e1licas. Fabricado en polipropileno random copol\u00edmero (PPR), es resistente a la corrosi\u00f3n y altas temperaturas, ideal para sistemas de agua potable y calefacci\u00f3n.<\/p>\n<\/div>\n<\/div>\n<\/div>\n<\/div>\n","protected":false},"excerpt":{"rendered":"<p>El Codo Doble PPR 25 x 1\/2 Hi es un accesorio de tuber\u00eda utilizado para cambiar la direcci\u00f3n del flujo en dos \u00e1ngulos de 90 grados. Este codo tiene un extremo de 25 mm para soldar con tuber\u00edas de PPR y un extremo roscado de 1\/2\u201d para conectar a accesorios o tuber\u00edas met\u00e1licas. Fabricado en&#8230;<\/p>\n","protected":false},"featured_media":10138,"template":"","meta":[],"product_brand":[],"product_cat":[210],"product_tag":[],"class_list":{"0":"post-10139","1":"product","2":"type-product","3":"status-publish","4":"has-post-thumbnail","6":"product_cat-fitting-ppr","8":"first","9":"instock","10":"shipping-taxable","11":"purchasable","12":"product-type-simple"},"_links":{"self":[{"href":"https:\/\/ferrepuertochile.cl\/index.php\/wp-json\/wp\/v2\/product\/10139","targetHints":{"allow":["GET"]}}],"collection":[{"href":"https:\/\/ferrepuertochile.cl\/index.php\/wp-json\/wp\/v2\/product"}],"about":[{"href":"https:\/\/ferrepuertochile.cl\/index.php\/wp-json\/wp\/v2\/types\/product"}],"wp:featuredmedia":[{"embeddable":true,"href":"https:\/\/ferrepuertochile.cl\/index.php\/wp-json\/wp\/v2\/media\/10138"}],"wp:attachment":[{"href":"https:\/\/ferrepuertochile.cl\/index.php\/wp-json\/wp\/v2\/media?parent=10139"}],"wp:term":[{"taxonomy":"product_brand","embeddable":true,"href":"https:\/\/ferrepuertochile.cl\/index.php\/wp-json\/wp\/v2\/product_brand?post=10139"},{"taxonomy":"product_cat","embeddable":true,"href":"https:\/\/ferrepuertochile.cl\/index.php\/wp-json\/wp\/v2\/product_cat?post=10139"},{"taxonomy":"product_tag","embeddable":true,"href":"https:\/\/ferrepuertochile.cl\/index.php\/wp-json\/wp\/v2\/product_tag?post=10139"}],"curies":[{"name":"wp","href":"https:\/\/api.w.org\/{rel}","templated":true}]}}