{"id":10134,"date":"2024-07-03T11:42:08","date_gmt":"2024-07-03T14:42:08","guid":{"rendered":"https:\/\/ferrepuertochile.cl\/?post_type=product&#038;p=10134"},"modified":"2025-03-10T12:05:08","modified_gmt":"2025-03-10T15:05:08","slug":"tee-ppr-gris-20mm-tianyan","status":"publish","type":"product","link":"https:\/\/ferrepuertochile.cl\/index.php\/producto\/tee-ppr-gris-20mm-tianyan\/","title":{"rendered":"Tee PPR Gris 20 Mm Tianyan"},"content":{"rendered":"<div class=\"flex flex-grow flex-col max-w-full\">\n<div class=\"min-h-[20px] text-message flex flex-col items-start whitespace-pre-wrap break-words [.text-message+&amp;]:mt-5 juice:w-full juice:items-end overflow-x-auto gap-2\" dir=\"auto\" data-message-author-role=\"assistant\" data-message-id=\"be31f732-9da3-49b9-843b-3ff3cda41c93\">\n<div class=\"flex w-full flex-col gap-1 juice:empty:hidden juice:first:pt-[3px]\">\n<div class=\"markdown prose w-full break-words dark:prose-invert dark\">\n<p>La Tee 20mm PN10 es un accesorio de tuber\u00eda utilizado para conectar tres tramos de tuber\u00edas, permitiendo la derivaci\u00f3n del flujo en dos direcciones con una reducci\u00f3n en uno de los ramales. Fabricada en polipropileno random copol\u00edmero (PPR) de color gris, esta pieza tiene tres extremos. Es resistente a la corrosi\u00f3n y a altas temperaturas, ideal para instalaciones de agua potable y sistemas de calefacci\u00f3n.<\/p>\n<\/div>\n<\/div>\n<\/div>\n<\/div>\n","protected":false},"excerpt":{"rendered":"<p>La Tee 20mm PN10 es un accesorio de tuber\u00eda utilizado para conectar tres tramos de tuber\u00edas, permitiendo la derivaci\u00f3n del flujo en dos direcciones con una reducci\u00f3n en uno de los ramales. Fabricada en polipropileno random copol\u00edmero (PPR) de color gris, esta pieza tiene tres extremos. Es resistente a la corrosi\u00f3n y a altas temperaturas,&#8230;<\/p>\n","protected":false},"featured_media":10135,"template":"","meta":[],"product_brand":[],"product_cat":[210],"product_tag":[],"class_list":{"0":"post-10134","1":"product","2":"type-product","3":"status-publish","4":"has-post-thumbnail","6":"product_cat-fitting-ppr","8":"first","9":"instock","10":"shipping-taxable","11":"purchasable","12":"product-type-simple"},"_links":{"self":[{"href":"https:\/\/ferrepuertochile.cl\/index.php\/wp-json\/wp\/v2\/product\/10134","targetHints":{"allow":["GET"]}}],"collection":[{"href":"https:\/\/ferrepuertochile.cl\/index.php\/wp-json\/wp\/v2\/product"}],"about":[{"href":"https:\/\/ferrepuertochile.cl\/index.php\/wp-json\/wp\/v2\/types\/product"}],"wp:featuredmedia":[{"embeddable":true,"href":"https:\/\/ferrepuertochile.cl\/index.php\/wp-json\/wp\/v2\/media\/10135"}],"wp:attachment":[{"href":"https:\/\/ferrepuertochile.cl\/index.php\/wp-json\/wp\/v2\/media?parent=10134"}],"wp:term":[{"taxonomy":"product_brand","embeddable":true,"href":"https:\/\/ferrepuertochile.cl\/index.php\/wp-json\/wp\/v2\/product_brand?post=10134"},{"taxonomy":"product_cat","embeddable":true,"href":"https:\/\/ferrepuertochile.cl\/index.php\/wp-json\/wp\/v2\/product_cat?post=10134"},{"taxonomy":"product_tag","embeddable":true,"href":"https:\/\/ferrepuertochile.cl\/index.php\/wp-json\/wp\/v2\/product_tag?post=10134"}],"curies":[{"name":"wp","href":"https:\/\/api.w.org\/{rel}","templated":true}]}}