{"id":10128,"date":"2024-07-02T18:40:56","date_gmt":"2024-07-02T21:40:56","guid":{"rendered":"https:\/\/ferrepuertochile.cl\/?post_type=product&#038;p=10128"},"modified":"2025-03-10T12:05:08","modified_gmt":"2025-03-10T15:05:08","slug":"reduccion-larga-h-h-ppr-gris-25x20mm-tianyan","status":"publish","type":"product","link":"https:\/\/ferrepuertochile.cl\/index.php\/producto\/reduccion-larga-h-h-ppr-gris-25x20mm-tianyan\/","title":{"rendered":"Reducci\u00f3n Larga H-H PPR Gris 25 X 20 Mm Tianyan"},"content":{"rendered":"<p>La Reducci\u00f3n Larga H-H PPR Gris 25 x 20 mm Tianyan es un accesorio de tuber\u00eda utilizado para conectar dos tramos de tuber\u00edas de diferente di\u00e1metro, reduciendo el tama\u00f1o del flujo de 25 mm a 20 mm. Fabricada en polipropileno random copol\u00edmero (PPR) de color gris, esta reducci\u00f3n es resistente a la corrosi\u00f3n y a altas temperaturas. Es ideal para instalaciones de agua potable y sistemas de calefacci\u00f3n, proporcionando una transici\u00f3n segura y duradera entre tuber\u00edas de distintos tama\u00f1os.<\/p>\n","protected":false},"excerpt":{"rendered":"<p>La Reducci\u00f3n Larga H-H PPR Gris 25 x 20 mm Tianyan es un accesorio de tuber\u00eda utilizado para conectar dos tramos de tuber\u00edas de diferente di\u00e1metro, reduciendo el tama\u00f1o del flujo de 25 mm a 20 mm. Fabricada en polipropileno random copol\u00edmero (PPR) de color gris, esta reducci\u00f3n es resistente a la corrosi\u00f3n y a&#8230;<\/p>\n","protected":false},"featured_media":10129,"template":"","meta":[],"product_brand":[],"product_cat":[210],"product_tag":[],"class_list":{"0":"post-10128","1":"product","2":"type-product","3":"status-publish","4":"has-post-thumbnail","6":"product_cat-fitting-ppr","8":"first","9":"instock","10":"shipping-taxable","11":"purchasable","12":"product-type-simple"},"_links":{"self":[{"href":"https:\/\/ferrepuertochile.cl\/index.php\/wp-json\/wp\/v2\/product\/10128","targetHints":{"allow":["GET"]}}],"collection":[{"href":"https:\/\/ferrepuertochile.cl\/index.php\/wp-json\/wp\/v2\/product"}],"about":[{"href":"https:\/\/ferrepuertochile.cl\/index.php\/wp-json\/wp\/v2\/types\/product"}],"wp:featuredmedia":[{"embeddable":true,"href":"https:\/\/ferrepuertochile.cl\/index.php\/wp-json\/wp\/v2\/media\/10129"}],"wp:attachment":[{"href":"https:\/\/ferrepuertochile.cl\/index.php\/wp-json\/wp\/v2\/media?parent=10128"}],"wp:term":[{"taxonomy":"product_brand","embeddable":true,"href":"https:\/\/ferrepuertochile.cl\/index.php\/wp-json\/wp\/v2\/product_brand?post=10128"},{"taxonomy":"product_cat","embeddable":true,"href":"https:\/\/ferrepuertochile.cl\/index.php\/wp-json\/wp\/v2\/product_cat?post=10128"},{"taxonomy":"product_tag","embeddable":true,"href":"https:\/\/ferrepuertochile.cl\/index.php\/wp-json\/wp\/v2\/product_tag?post=10128"}],"curies":[{"name":"wp","href":"https:\/\/api.w.org\/{rel}","templated":true}]}}