{"id":10125,"date":"2024-07-02T18:26:09","date_gmt":"2024-07-02T21:26:09","guid":{"rendered":"https:\/\/ferrepuertochile.cl\/?post_type=product&#038;p=10125"},"modified":"2025-03-10T12:05:08","modified_gmt":"2025-03-10T15:05:08","slug":"codo-90-soldar-he-ppr-gris-20mm-x-1-2-tianyan","status":"publish","type":"product","link":"https:\/\/ferrepuertochile.cl\/index.php\/producto\/codo-90-soldar-he-ppr-gris-20mm-x-1-2-tianyan\/","title":{"rendered":"Codo 90\u00b0 Soldar\/He PPR Gris 20 Mm X 1\/2\u201d Tianyan"},"content":{"rendered":"<div class=\"flex flex-grow flex-col max-w-full\">\n<div class=\"min-h-[20px] text-message flex flex-col items-start whitespace-pre-wrap break-words [.text-message+&amp;]:mt-5 juice:w-full juice:items-end overflow-x-auto gap-2\" dir=\"auto\" data-message-author-role=\"assistant\" data-message-id=\"df5fed7a-bbfa-46d6-88d8-85a9c87c05c0\">\n<div class=\"flex w-full flex-col gap-1 juice:empty:hidden juice:first:pt-[3px]\">\n<div class=\"markdown prose w-full break-words dark:prose-invert dark\">\n<p>El Codo 90\u00b0 Soldar\/He PPR Gris 20 mm x 1\/2\u201d es un accesorio de tuber\u00eda que permite cambiar la direcci\u00f3n del flujo en un \u00e1ngulo de 90 grados. Este codo tiene un extremo de 20 mm de di\u00e1metro para soldar con tuber\u00edas de PPR y un extremo roscado de 1\/2\u201d para conectar a accesorios o tuber\u00edas met\u00e1licas. Fabricado en polipropileno random copol\u00edmero (PPR) de color gris, es resistente a la corrosi\u00f3n y altas temperaturas, ideal para sistemas de agua potable y calefacci\u00f3n.<\/p>\n<\/div>\n<\/div>\n<\/div>\n<\/div>\n","protected":false},"excerpt":{"rendered":"<p>El Codo 90\u00b0 Soldar\/He PPR Gris 20 mm x 1\/2\u201d es un accesorio de tuber\u00eda que permite cambiar la direcci\u00f3n del flujo en un \u00e1ngulo de 90 grados. Este codo tiene un extremo de 20 mm de di\u00e1metro para soldar con tuber\u00edas de PPR y un extremo roscado de 1\/2\u201d para conectar a accesorios o&#8230;<\/p>\n","protected":false},"featured_media":10126,"template":"","meta":[],"product_brand":[],"product_cat":[210],"product_tag":[],"class_list":{"0":"post-10125","1":"product","2":"type-product","3":"status-publish","4":"has-post-thumbnail","6":"product_cat-fitting-ppr","8":"first","9":"instock","10":"shipping-taxable","11":"purchasable","12":"product-type-simple"},"_links":{"self":[{"href":"https:\/\/ferrepuertochile.cl\/index.php\/wp-json\/wp\/v2\/product\/10125","targetHints":{"allow":["GET"]}}],"collection":[{"href":"https:\/\/ferrepuertochile.cl\/index.php\/wp-json\/wp\/v2\/product"}],"about":[{"href":"https:\/\/ferrepuertochile.cl\/index.php\/wp-json\/wp\/v2\/types\/product"}],"wp:featuredmedia":[{"embeddable":true,"href":"https:\/\/ferrepuertochile.cl\/index.php\/wp-json\/wp\/v2\/media\/10126"}],"wp:attachment":[{"href":"https:\/\/ferrepuertochile.cl\/index.php\/wp-json\/wp\/v2\/media?parent=10125"}],"wp:term":[{"taxonomy":"product_brand","embeddable":true,"href":"https:\/\/ferrepuertochile.cl\/index.php\/wp-json\/wp\/v2\/product_brand?post=10125"},{"taxonomy":"product_cat","embeddable":true,"href":"https:\/\/ferrepuertochile.cl\/index.php\/wp-json\/wp\/v2\/product_cat?post=10125"},{"taxonomy":"product_tag","embeddable":true,"href":"https:\/\/ferrepuertochile.cl\/index.php\/wp-json\/wp\/v2\/product_tag?post=10125"}],"curies":[{"name":"wp","href":"https:\/\/api.w.org\/{rel}","templated":true}]}}