{"id":10115,"date":"2024-07-02T15:48:16","date_gmt":"2024-07-02T18:48:16","guid":{"rendered":"https:\/\/ferrepuertochile.cl\/?post_type=product&#038;p=10115"},"modified":"2025-03-10T12:05:08","modified_gmt":"2025-03-10T15:05:08","slug":"codo-90-ppr-gris-26mm-tianyan","status":"publish","type":"product","link":"https:\/\/ferrepuertochile.cl\/index.php\/producto\/codo-90-ppr-gris-26mm-tianyan\/","title":{"rendered":"Codo 90\u00b0 PPR Gris 25 Mm Tianyan"},"content":{"rendered":"<div class=\"flex flex-grow flex-col max-w-full\">\n<div class=\"min-h-[20px] text-message flex flex-col items-start whitespace-pre-wrap break-words [.text-message+&amp;]:mt-5 juice:w-full juice:items-end overflow-x-auto gap-2\" dir=\"auto\" data-message-author-role=\"assistant\" data-message-id=\"df5fed7a-bbfa-46d6-88d8-85a9c87c05c0\">\n<div class=\"flex w-full flex-col gap-1 juice:empty:hidden juice:first:pt-[3px]\">\n<div class=\"markdown prose w-full break-words dark:prose-invert dark\">\n<p>El Codo 90\u00b0 PPR Gris de 25 mm es un accesorio de tuber\u00eda utilizado para cambiar la direcci\u00f3n del flujo en un sistema de tuber\u00edas en un \u00e1ngulo de 90 grados. Fabricado en polipropileno random copol\u00edmero (PPR) de color gris, este codo es resistente a la corrosi\u00f3n y a altas temperaturas, ideal para instalaciones de agua potable y sistemas de calefacci\u00f3n. Tiene un di\u00e1metro de 25 mm, asegurando una conexi\u00f3n segura y duradera en las tuber\u00edas.<\/p>\n<\/div>\n<\/div>\n<\/div>\n<\/div>\n","protected":false},"excerpt":{"rendered":"<p>El Codo 90\u00b0 PPR Gris de 25 mm es un accesorio de tuber\u00eda utilizado para cambiar la direcci\u00f3n del flujo en un sistema de tuber\u00edas en un \u00e1ngulo de 90 grados. Fabricado en polipropileno random copol\u00edmero (PPR) de color gris, este codo es resistente a la corrosi\u00f3n y a altas temperaturas, ideal para instalaciones de&#8230;<\/p>\n","protected":false},"featured_media":10114,"template":"","meta":[],"product_brand":[],"product_cat":[210,15],"product_tag":[],"class_list":{"0":"post-10115","1":"product","2":"type-product","3":"status-publish","4":"has-post-thumbnail","6":"product_cat-fitting-ppr","7":"product_cat-sin-categorizar","9":"first","10":"instock","11":"shipping-taxable","12":"purchasable","13":"product-type-simple"},"_links":{"self":[{"href":"https:\/\/ferrepuertochile.cl\/index.php\/wp-json\/wp\/v2\/product\/10115","targetHints":{"allow":["GET"]}}],"collection":[{"href":"https:\/\/ferrepuertochile.cl\/index.php\/wp-json\/wp\/v2\/product"}],"about":[{"href":"https:\/\/ferrepuertochile.cl\/index.php\/wp-json\/wp\/v2\/types\/product"}],"wp:featuredmedia":[{"embeddable":true,"href":"https:\/\/ferrepuertochile.cl\/index.php\/wp-json\/wp\/v2\/media\/10114"}],"wp:attachment":[{"href":"https:\/\/ferrepuertochile.cl\/index.php\/wp-json\/wp\/v2\/media?parent=10115"}],"wp:term":[{"taxonomy":"product_brand","embeddable":true,"href":"https:\/\/ferrepuertochile.cl\/index.php\/wp-json\/wp\/v2\/product_brand?post=10115"},{"taxonomy":"product_cat","embeddable":true,"href":"https:\/\/ferrepuertochile.cl\/index.php\/wp-json\/wp\/v2\/product_cat?post=10115"},{"taxonomy":"product_tag","embeddable":true,"href":"https:\/\/ferrepuertochile.cl\/index.php\/wp-json\/wp\/v2\/product_tag?post=10115"}],"curies":[{"name":"wp","href":"https:\/\/api.w.org\/{rel}","templated":true}]}}