{"id":10112,"date":"2024-07-02T15:11:27","date_gmt":"2024-07-02T18:11:27","guid":{"rendered":"https:\/\/ferrepuertochile.cl\/?post_type=product&#038;p=10112"},"modified":"2024-09-26T17:10:36","modified_gmt":"2024-09-26T20:10:36","slug":"tuberia-ppr-25mm-x-6mts-pn-16-tianyan","status":"publish","type":"product","link":"https:\/\/ferrepuertochile.cl\/index.php\/producto\/tuberia-ppr-25mm-x-6mts-pn-16-tianyan\/","title":{"rendered":"Tuber\u00eda PPR 25 Mm X 6 Mts PN 16 Tianyan"},"content":{"rendered":"<p>La Tuber\u00eda PPR de 25 mm PN16 de 6 metros es un tipo de tuber\u00eda fabricada en polipropileno random copol\u00edmero (PPR), dise\u00f1ada para sistemas de agua potable y calefacci\u00f3n. Con un di\u00e1metro de 25 mm y una presi\u00f3n nominal de 16 bares (PN16), esta tuber\u00eda es resistente a altas temperaturas y presiones. Se presenta en tramos de 6 metros de longitud, siendo ideal para instalaciones hidr\u00e1ulicas y de calefacci\u00f3n debido a su durabilidad y resistencia a la corrosi\u00f3n.<\/p>\n","protected":false},"excerpt":{"rendered":"<p>La Tuber\u00eda PPR de 25 mm PN16 de 6 metros es un tipo de tuber\u00eda fabricada en polipropileno random copol\u00edmero (PPR), dise\u00f1ada para sistemas de agua potable y calefacci\u00f3n. Con un di\u00e1metro de 25 mm y una presi\u00f3n nominal de 16 bares (PN16), esta tuber\u00eda es resistente a altas temperaturas y presiones. Se presenta en&#8230;<\/p>\n","protected":false},"featured_media":10110,"template":"","meta":[],"product_brand":[],"product_cat":[210],"product_tag":[],"class_list":{"0":"post-10112","1":"product","2":"type-product","3":"status-publish","4":"has-post-thumbnail","6":"product_cat-fitting-ppr","8":"first","9":"outofstock","10":"shipping-taxable","11":"purchasable","12":"product-type-simple"},"_links":{"self":[{"href":"https:\/\/ferrepuertochile.cl\/index.php\/wp-json\/wp\/v2\/product\/10112","targetHints":{"allow":["GET"]}}],"collection":[{"href":"https:\/\/ferrepuertochile.cl\/index.php\/wp-json\/wp\/v2\/product"}],"about":[{"href":"https:\/\/ferrepuertochile.cl\/index.php\/wp-json\/wp\/v2\/types\/product"}],"wp:featuredmedia":[{"embeddable":true,"href":"https:\/\/ferrepuertochile.cl\/index.php\/wp-json\/wp\/v2\/media\/10110"}],"wp:attachment":[{"href":"https:\/\/ferrepuertochile.cl\/index.php\/wp-json\/wp\/v2\/media?parent=10112"}],"wp:term":[{"taxonomy":"product_brand","embeddable":true,"href":"https:\/\/ferrepuertochile.cl\/index.php\/wp-json\/wp\/v2\/product_brand?post=10112"},{"taxonomy":"product_cat","embeddable":true,"href":"https:\/\/ferrepuertochile.cl\/index.php\/wp-json\/wp\/v2\/product_cat?post=10112"},{"taxonomy":"product_tag","embeddable":true,"href":"https:\/\/ferrepuertochile.cl\/index.php\/wp-json\/wp\/v2\/product_tag?post=10112"}],"curies":[{"name":"wp","href":"https:\/\/api.w.org\/{rel}","templated":true}]}}