{"id":10104,"date":"2024-07-02T14:45:00","date_gmt":"2024-07-02T17:45:00","guid":{"rendered":"https:\/\/ferrepuertochile.cl\/?post_type=product&#038;p=10104"},"modified":"2025-03-10T12:05:08","modified_gmt":"2025-03-10T15:05:08","slug":"union-americana-40mm-pn10-edr","status":"publish","type":"product","link":"https:\/\/ferrepuertochile.cl\/index.php\/producto\/union-americana-40mm-pn10-edr\/","title":{"rendered":"Uni\u00f3n Americana 40 Mm PN10 EDR"},"content":{"rendered":"<p>La Uni\u00f3n Americana es un accesorio de tuber\u00eda utilizado para conectar secciones de tuber\u00edas de manera desmontable. Est\u00e1 dise\u00f1ada para soportar una presi\u00f3n nominal de 10 bares (PN10) y suele estar fabricada de materiales resistentes como PVC, acero o lat\u00f3n. Es com\u00fanmente utilizada en sistemas de plomer\u00eda y aplicaciones industriales para facilitar el mantenimiento y la reparaci\u00f3n de las tuber\u00edas.<\/p>\n","protected":false},"excerpt":{"rendered":"<p>La Uni\u00f3n Americana es un accesorio de tuber\u00eda utilizado para conectar secciones de tuber\u00edas de manera desmontable. Est\u00e1 dise\u00f1ada para soportar una presi\u00f3n nominal de 10 bares (PN10) y suele estar fabricada de materiales resistentes como PVC, acero o lat\u00f3n. Es com\u00fanmente utilizada en sistemas de plomer\u00eda y aplicaciones industriales para facilitar el mantenimiento y&#8230;<\/p>\n","protected":false},"featured_media":10101,"template":"","meta":[],"product_brand":[],"product_cat":[208],"product_tag":[],"class_list":{"0":"post-10104","1":"product","2":"type-product","3":"status-publish","4":"has-post-thumbnail","6":"product_cat-fitting-pvc-hidraulico","8":"first","9":"instock","10":"shipping-taxable","11":"purchasable","12":"product-type-simple"},"_links":{"self":[{"href":"https:\/\/ferrepuertochile.cl\/index.php\/wp-json\/wp\/v2\/product\/10104","targetHints":{"allow":["GET"]}}],"collection":[{"href":"https:\/\/ferrepuertochile.cl\/index.php\/wp-json\/wp\/v2\/product"}],"about":[{"href":"https:\/\/ferrepuertochile.cl\/index.php\/wp-json\/wp\/v2\/types\/product"}],"wp:featuredmedia":[{"embeddable":true,"href":"https:\/\/ferrepuertochile.cl\/index.php\/wp-json\/wp\/v2\/media\/10101"}],"wp:attachment":[{"href":"https:\/\/ferrepuertochile.cl\/index.php\/wp-json\/wp\/v2\/media?parent=10104"}],"wp:term":[{"taxonomy":"product_brand","embeddable":true,"href":"https:\/\/ferrepuertochile.cl\/index.php\/wp-json\/wp\/v2\/product_brand?post=10104"},{"taxonomy":"product_cat","embeddable":true,"href":"https:\/\/ferrepuertochile.cl\/index.php\/wp-json\/wp\/v2\/product_cat?post=10104"},{"taxonomy":"product_tag","embeddable":true,"href":"https:\/\/ferrepuertochile.cl\/index.php\/wp-json\/wp\/v2\/product_tag?post=10104"}],"curies":[{"name":"wp","href":"https:\/\/api.w.org\/{rel}","templated":true}]}}