{"id":10094,"date":"2024-07-01T19:01:30","date_gmt":"2024-07-01T22:01:30","guid":{"rendered":"https:\/\/ferrepuertochile.cl\/?post_type=product&#038;p=10094"},"modified":"2025-06-04T14:18:36","modified_gmt":"2025-06-04T17:18:36","slug":"abrazadera-hidraulica-25mm","status":"publish","type":"product","link":"https:\/\/ferrepuertochile.cl\/index.php\/producto\/abrazadera-hidraulica-25mm\/","title":{"rendered":"Abrazadera Hidr\u00e1ulica 25 Mm Venemetal 2 Un"},"content":{"rendered":"<p>Asegura tuber\u00edas en instalaci\u00f3n vertical u horizontal en distintas superficies.<\/p>\n<p><strong>2 unidades.<\/strong><\/p>\n","protected":false},"excerpt":{"rendered":"<p>Asegura tuber\u00edas en instalaci\u00f3n vertical u horizontal en distintas superficies. 2 unidades.<\/p>\n","protected":false},"featured_media":11314,"template":"","meta":[],"product_brand":[],"product_cat":[208],"product_tag":[],"class_list":{"0":"post-10094","1":"product","2":"type-product","3":"status-publish","4":"has-post-thumbnail","6":"product_cat-fitting-pvc-hidraulico","8":"first","9":"instock","10":"shipping-taxable","11":"purchasable","12":"product-type-simple"},"_links":{"self":[{"href":"https:\/\/ferrepuertochile.cl\/index.php\/wp-json\/wp\/v2\/product\/10094","targetHints":{"allow":["GET"]}}],"collection":[{"href":"https:\/\/ferrepuertochile.cl\/index.php\/wp-json\/wp\/v2\/product"}],"about":[{"href":"https:\/\/ferrepuertochile.cl\/index.php\/wp-json\/wp\/v2\/types\/product"}],"wp:featuredmedia":[{"embeddable":true,"href":"https:\/\/ferrepuertochile.cl\/index.php\/wp-json\/wp\/v2\/media\/11314"}],"wp:attachment":[{"href":"https:\/\/ferrepuertochile.cl\/index.php\/wp-json\/wp\/v2\/media?parent=10094"}],"wp:term":[{"taxonomy":"product_brand","embeddable":true,"href":"https:\/\/ferrepuertochile.cl\/index.php\/wp-json\/wp\/v2\/product_brand?post=10094"},{"taxonomy":"product_cat","embeddable":true,"href":"https:\/\/ferrepuertochile.cl\/index.php\/wp-json\/wp\/v2\/product_cat?post=10094"},{"taxonomy":"product_tag","embeddable":true,"href":"https:\/\/ferrepuertochile.cl\/index.php\/wp-json\/wp\/v2\/product_tag?post=10094"}],"curies":[{"name":"wp","href":"https:\/\/api.w.org\/{rel}","templated":true}]}}