{"id":10076,"date":"2024-07-01T18:06:19","date_gmt":"2024-07-01T21:06:19","guid":{"rendered":"https:\/\/ferrepuertochile.cl\/?post_type=product&#038;p=10076"},"modified":"2025-03-10T12:05:06","modified_gmt":"2025-03-10T15:05:06","slug":"tapa-tornillo-he-3-4-pn10-edr","status":"publish","type":"product","link":"https:\/\/ferrepuertochile.cl\/index.php\/producto\/tapa-tornillo-he-3-4-pn10-edr\/","title":{"rendered":"Tapa Tornillo He 3\/4\u201d PN 10 EDR"},"content":{"rendered":"<p>Permite sellar la red a trav\u00e9s del hilo externo.<br \/>\nPara conectar te recomendamos usar Tefl\u00f3n.<\/p>\n<p><strong>Informaci\u00f3n T\u00e9cnica<\/strong><\/p>\n<p>&#8211; Presi\u00f3n m\u00e1xima de trabajo recomendada: PN10<br \/>\n&#8211; Temperatura de trabajo: de 0 a 25\u00baC<\/p>\n","protected":false},"excerpt":{"rendered":"<p>Permite sellar la red a trav\u00e9s del hilo externo. Para conectar te recomendamos usar Tefl\u00f3n. Informaci\u00f3n T\u00e9cnica &#8211; Presi\u00f3n m\u00e1xima de trabajo recomendada: PN10 &#8211; Temperatura de trabajo: de 0 a 25\u00baC<\/p>\n","protected":false},"featured_media":10075,"template":"","meta":[],"product_brand":[],"product_cat":[208],"product_tag":[],"class_list":{"0":"post-10076","1":"product","2":"type-product","3":"status-publish","4":"has-post-thumbnail","6":"product_cat-fitting-pvc-hidraulico","8":"first","9":"instock","10":"shipping-taxable","11":"purchasable","12":"product-type-simple"},"_links":{"self":[{"href":"https:\/\/ferrepuertochile.cl\/index.php\/wp-json\/wp\/v2\/product\/10076","targetHints":{"allow":["GET"]}}],"collection":[{"href":"https:\/\/ferrepuertochile.cl\/index.php\/wp-json\/wp\/v2\/product"}],"about":[{"href":"https:\/\/ferrepuertochile.cl\/index.php\/wp-json\/wp\/v2\/types\/product"}],"wp:featuredmedia":[{"embeddable":true,"href":"https:\/\/ferrepuertochile.cl\/index.php\/wp-json\/wp\/v2\/media\/10075"}],"wp:attachment":[{"href":"https:\/\/ferrepuertochile.cl\/index.php\/wp-json\/wp\/v2\/media?parent=10076"}],"wp:term":[{"taxonomy":"product_brand","embeddable":true,"href":"https:\/\/ferrepuertochile.cl\/index.php\/wp-json\/wp\/v2\/product_brand?post=10076"},{"taxonomy":"product_cat","embeddable":true,"href":"https:\/\/ferrepuertochile.cl\/index.php\/wp-json\/wp\/v2\/product_cat?post=10076"},{"taxonomy":"product_tag","embeddable":true,"href":"https:\/\/ferrepuertochile.cl\/index.php\/wp-json\/wp\/v2\/product_tag?post=10076"}],"curies":[{"name":"wp","href":"https:\/\/api.w.org\/{rel}","templated":true}]}}