{"id":10037,"date":"2024-06-14T12:14:25","date_gmt":"2024-06-14T15:14:25","guid":{"rendered":"https:\/\/ferrepuertochile.cl\/?post_type=product&#038;p=10037"},"modified":"2026-04-20T18:03:43","modified_gmt":"2026-04-20T21:03:43","slug":"tapa-gorro-pvc-hidraulico-20mm-pn-10-edr","status":"publish","type":"product","link":"https:\/\/ferrepuertochile.cl\/index.php\/producto\/tapa-gorro-pvc-hidraulico-20mm-pn-10-edr\/","title":{"rendered":"PACK 2 UN TAPA GORRO PVC CELESTE 20MM PN10"},"content":{"rendered":"<p>Tapa de gorro de PVC hidr\u00e1ulico con una conexi\u00f3n de 20mm y una presi\u00f3n nominal de 10 bares. Es probable que est\u00e9 dise\u00f1ado para su uso en sistemas hidr\u00e1ulicos con conexi\u00f3n cementar. La tapa de gorro de PVC proporciona una soluci\u00f3n segura y duradera para sellar conexiones en sistemas de tuber\u00edas hidr\u00e1ulicas de tama\u00f1o adecuado. Con su construcci\u00f3n resistente y su capacidad para soportar una presi\u00f3n nominal de 10 bares, ofrece fiabilidad y rendimiento en aplicaciones industriales y dom\u00e9sticas.<\/p>\n","protected":false},"excerpt":{"rendered":"<p>Tapa de gorro de PVC hidr\u00e1ulico con una conexi\u00f3n de 20mm y una presi\u00f3n nominal de 10 bares. Es probable que est\u00e9 dise\u00f1ado para su uso en sistemas hidr\u00e1ulicos con conexi\u00f3n cementar. La tapa de gorro de PVC proporciona una soluci\u00f3n segura y duradera para sellar conexiones en sistemas de tuber\u00edas hidr\u00e1ulicas de tama\u00f1o adecuado&#8230;.<\/p>\n","protected":false},"featured_media":10039,"template":"","meta":[],"product_brand":[],"product_cat":[208],"product_tag":[],"class_list":{"0":"post-10037","1":"product","2":"type-product","3":"status-publish","4":"has-post-thumbnail","6":"product_cat-fitting-pvc-hidraulico","8":"first","9":"instock","10":"shipping-taxable","11":"purchasable","12":"product-type-simple"},"_links":{"self":[{"href":"https:\/\/ferrepuertochile.cl\/index.php\/wp-json\/wp\/v2\/product\/10037","targetHints":{"allow":["GET"]}}],"collection":[{"href":"https:\/\/ferrepuertochile.cl\/index.php\/wp-json\/wp\/v2\/product"}],"about":[{"href":"https:\/\/ferrepuertochile.cl\/index.php\/wp-json\/wp\/v2\/types\/product"}],"wp:featuredmedia":[{"embeddable":true,"href":"https:\/\/ferrepuertochile.cl\/index.php\/wp-json\/wp\/v2\/media\/10039"}],"wp:attachment":[{"href":"https:\/\/ferrepuertochile.cl\/index.php\/wp-json\/wp\/v2\/media?parent=10037"}],"wp:term":[{"taxonomy":"product_brand","embeddable":true,"href":"https:\/\/ferrepuertochile.cl\/index.php\/wp-json\/wp\/v2\/product_brand?post=10037"},{"taxonomy":"product_cat","embeddable":true,"href":"https:\/\/ferrepuertochile.cl\/index.php\/wp-json\/wp\/v2\/product_cat?post=10037"},{"taxonomy":"product_tag","embeddable":true,"href":"https:\/\/ferrepuertochile.cl\/index.php\/wp-json\/wp\/v2\/product_tag?post=10037"}],"curies":[{"name":"wp","href":"https:\/\/api.w.org\/{rel}","templated":true}]}}