{"id":10015,"date":"2024-06-10T15:34:59","date_gmt":"2024-06-10T18:34:59","guid":{"rendered":"https:\/\/ferrepuertochile.cl\/?post_type=product&#038;p=10015"},"modified":"2025-03-10T12:05:05","modified_gmt":"2025-03-10T15:05:05","slug":"copla-pvc-hidraulico-celeste-25mm-pn16-edr","status":"publish","type":"product","link":"https:\/\/ferrepuertochile.cl\/index.php\/producto\/copla-pvc-hidraulico-celeste-25mm-pn16-edr\/","title":{"rendered":"Copla PVC Hidr\u00e1ulico Celeste 25 Mm  PN 16 EDR"},"content":{"rendered":"<p>La copla de PVC Presi\u00f3n Cementar es una pieza de ferreter\u00eda cuya utilidad radica en las facilidades entregadas para el ensamble de sistemas hidr\u00e1ulicos, debido a que te garantiza el suministro de agua potable en las diferentes habitaciones de tu hogar.<\/p>\n","protected":false},"excerpt":{"rendered":"<p>La copla de PVC Presi\u00f3n Cementar es una pieza de ferreter\u00eda cuya utilidad radica en las facilidades entregadas para el ensamble de sistemas hidr\u00e1ulicos, debido a que te garantiza el suministro de agua potable en las diferentes habitaciones de tu hogar.<\/p>\n","protected":false},"featured_media":10014,"template":"","meta":[],"product_brand":[],"product_cat":[208],"product_tag":[],"class_list":{"0":"post-10015","1":"product","2":"type-product","3":"status-publish","4":"has-post-thumbnail","6":"product_cat-fitting-pvc-hidraulico","8":"first","9":"instock","10":"shipping-taxable","11":"purchasable","12":"product-type-simple"},"_links":{"self":[{"href":"https:\/\/ferrepuertochile.cl\/index.php\/wp-json\/wp\/v2\/product\/10015","targetHints":{"allow":["GET"]}}],"collection":[{"href":"https:\/\/ferrepuertochile.cl\/index.php\/wp-json\/wp\/v2\/product"}],"about":[{"href":"https:\/\/ferrepuertochile.cl\/index.php\/wp-json\/wp\/v2\/types\/product"}],"wp:featuredmedia":[{"embeddable":true,"href":"https:\/\/ferrepuertochile.cl\/index.php\/wp-json\/wp\/v2\/media\/10014"}],"wp:attachment":[{"href":"https:\/\/ferrepuertochile.cl\/index.php\/wp-json\/wp\/v2\/media?parent=10015"}],"wp:term":[{"taxonomy":"product_brand","embeddable":true,"href":"https:\/\/ferrepuertochile.cl\/index.php\/wp-json\/wp\/v2\/product_brand?post=10015"},{"taxonomy":"product_cat","embeddable":true,"href":"https:\/\/ferrepuertochile.cl\/index.php\/wp-json\/wp\/v2\/product_cat?post=10015"},{"taxonomy":"product_tag","embeddable":true,"href":"https:\/\/ferrepuertochile.cl\/index.php\/wp-json\/wp\/v2\/product_tag?post=10015"}],"curies":[{"name":"wp","href":"https:\/\/api.w.org\/{rel}","templated":true}]}}