{"id":10006,"date":"2024-06-07T17:45:44","date_gmt":"2024-06-07T20:45:44","guid":{"rendered":"https:\/\/ferrepuertochile.cl\/?post_type=product&#038;p=10006"},"modified":"2025-03-10T12:05:04","modified_gmt":"2025-03-10T15:05:04","slug":"niple-he-he-1-2-pn-10","status":"publish","type":"product","link":"https:\/\/ferrepuertochile.cl\/index.php\/producto\/niple-he-he-1-2-pn-10\/","title":{"rendered":"Niple He\/He 1\/2\u201d PN 10 EDR"},"content":{"rendered":"<p>Fitting para uni\u00f3n PVC hidr\u00e1ulico de uni\u00f3n mediante hilo exterior<\/p>\n","protected":false},"excerpt":{"rendered":"<p>Fitting para uni\u00f3n PVC hidr\u00e1ulico de uni\u00f3n mediante hilo exterior<\/p>\n","protected":false},"featured_media":10007,"template":"","meta":[],"product_brand":[],"product_cat":[208],"product_tag":[],"class_list":{"0":"post-10006","1":"product","2":"type-product","3":"status-publish","4":"has-post-thumbnail","6":"product_cat-fitting-pvc-hidraulico","8":"first","9":"instock","10":"shipping-taxable","11":"purchasable","12":"product-type-simple"},"_links":{"self":[{"href":"https:\/\/ferrepuertochile.cl\/index.php\/wp-json\/wp\/v2\/product\/10006","targetHints":{"allow":["GET"]}}],"collection":[{"href":"https:\/\/ferrepuertochile.cl\/index.php\/wp-json\/wp\/v2\/product"}],"about":[{"href":"https:\/\/ferrepuertochile.cl\/index.php\/wp-json\/wp\/v2\/types\/product"}],"wp:featuredmedia":[{"embeddable":true,"href":"https:\/\/ferrepuertochile.cl\/index.php\/wp-json\/wp\/v2\/media\/10007"}],"wp:attachment":[{"href":"https:\/\/ferrepuertochile.cl\/index.php\/wp-json\/wp\/v2\/media?parent=10006"}],"wp:term":[{"taxonomy":"product_brand","embeddable":true,"href":"https:\/\/ferrepuertochile.cl\/index.php\/wp-json\/wp\/v2\/product_brand?post=10006"},{"taxonomy":"product_cat","embeddable":true,"href":"https:\/\/ferrepuertochile.cl\/index.php\/wp-json\/wp\/v2\/product_cat?post=10006"},{"taxonomy":"product_tag","embeddable":true,"href":"https:\/\/ferrepuertochile.cl\/index.php\/wp-json\/wp\/v2\/product_tag?post=10006"}],"curies":[{"name":"wp","href":"https:\/\/api.w.org\/{rel}","templated":true}]}}