{"id":9278,"date":"2024-04-22T18:59:46","date_gmt":"2024-04-22T21:59:46","guid":{"rendered":"https:\/\/ferrepuertochile.cl\/?page_id=9278"},"modified":"2024-05-15T15:51:21","modified_gmt":"2024-05-15T18:51:21","slug":"preguntas-frecuentes","status":"publish","type":"page","link":"https:\/\/ferrepuertochile.cl\/index.php\/preguntas-frecuentes\/","title":{"rendered":"PREGUNTAS FRECUENTES"},"content":{"rendered":"<section class=\"l-section wpb_row height_custom\"><div class=\"l-section-h i-cf\"><div class=\"g-cols vc_row via_flex valign_top type_default stacking_default\"><div class=\"vc_col-sm-12 wpb_column vc_column_container\"><div class=\"vc_column-inner\"><div class=\"wpb_wrapper\"><div class=\"w-tabs style_default switch_click accordion has_scrolling\" style=\"--sections-title-size:20px\"><div class=\"w-tabs-sections titles-align_none icon_chevron cpos_right\"><div class=\"w-tabs-section\" id=\"o0e4\"><button class=\"w-tabs-section-header\" aria-controls=\"content-o0e4\" aria-expanded=\"false\"><h1 class=\"w-tabs-section-title\">\u00bfQu\u00e9 tipos de productos ferreteros ofrecen en su p\u00e1gina web?<\/h1><div class=\"w-tabs-section-control\"><\/div><\/button><div  class=\"w-tabs-section-content\" id=\"content-o0e4\"><div class=\"w-tabs-section-content-h i-cf\"><div class=\"wpb_text_column\"><div class=\"wpb_wrapper\"><p>Ofrecemos una amplia gama de productos ferreteros, que incluyen herramientas manuales, herramientas de jardiner\u00eda, suministros de gasfiter\u00eda, materiales de construcci\u00f3n, art\u00edculos de seguridad, entre otros.<\/p>\n<\/div><\/div><\/div><\/div><\/div><div class=\"w-tabs-section\" id=\"i213\"><button class=\"w-tabs-section-header\" aria-controls=\"content-i213\" aria-expanded=\"false\"><h1 class=\"w-tabs-section-title\">\u00bfCu\u00e1l es el proceso para realizar una compra en su sitio?<\/h1><div class=\"w-tabs-section-control\"><\/div><\/button><div  class=\"w-tabs-section-content\" id=\"content-i213\"><div class=\"w-tabs-section-content-h i-cf\"><div class=\"wpb_text_column\"><div class=\"wpb_wrapper\"><p>El proceso de compra es sencillo. Los usuarios simplemente seleccionan los productos que desean, los a\u00f1aden al carrito de compras, completan la informaci\u00f3n de env\u00edo y pago, y finalizan la compra.<\/p>\n<\/div><\/div><\/div><\/div><\/div><div class=\"w-tabs-section\" id=\"j33a\"><button class=\"w-tabs-section-header\" aria-controls=\"content-j33a\" aria-expanded=\"false\"><h1 class=\"w-tabs-section-title\">\u00bfCu\u00e1les son los m\u00e9todos de pago aceptados?<\/h1><div class=\"w-tabs-section-control\"><\/div><\/button><div  class=\"w-tabs-section-content\" id=\"content-j33a\"><div class=\"w-tabs-section-content-h i-cf\"><div class=\"wpb_text_column\"><div class=\"wpb_wrapper\"><p>Aceptamos varios m\u00e9todos de pago, incluyendo tarjetas de cr\u00e9dito\/d\u00e9bito y transferencia bancaria.<\/p>\n<\/div><\/div><\/div><\/div><\/div><div class=\"w-tabs-section\" id=\"m461\"><button class=\"w-tabs-section-header\" aria-controls=\"content-m461\" aria-expanded=\"false\"><h1 class=\"w-tabs-section-title\">\u00bfOfrecen env\u00edos a domicilio y cu\u00e1l es el costo?<\/h1><div class=\"w-tabs-section-control\"><\/div><\/button><div  class=\"w-tabs-section-content\" id=\"content-m461\"><div class=\"w-tabs-section-content-h i-cf\"><div class=\"wpb_text_column\"><div class=\"wpb_wrapper\"><p>S\u00ed, ofrecemos env\u00edos a domicilio. El costo del env\u00edo puede variar seg\u00fan el peso, el tama\u00f1o y la ubicaci\u00f3n del destino<\/p>\n<\/div><\/div><\/div><\/div><\/div><div class=\"w-tabs-section\" id=\"i593\"><button class=\"w-tabs-section-header\" aria-controls=\"content-i593\" aria-expanded=\"false\"><h1 class=\"w-tabs-section-title\">\u00bfCu\u00e1nto tiempo tarda en llegar el pedido?<\/h1><div class=\"w-tabs-section-control\"><\/div><\/button><div  class=\"w-tabs-section-content\" id=\"content-i593\"><div class=\"w-tabs-section-content-h i-cf\"><div class=\"wpb_text_column\"><div class=\"wpb_wrapper\"><p>Aproximadamente 48 horas dentro de la provincia de San Antonio.<\/p>\n<\/div><\/div><\/div><\/div><\/div><div class=\"w-tabs-section\" id=\"o6be\"><button class=\"w-tabs-section-header\" aria-controls=\"content-o6be\" aria-expanded=\"false\"><h1 class=\"w-tabs-section-title\">\u00bfTienen un m\u00ednimo de compra para realizar un pedido?<\/h1><div class=\"w-tabs-section-control\"><\/div><\/button><div  class=\"w-tabs-section-content\" id=\"content-o6be\"><div class=\"w-tabs-section-content-h i-cf\"><div class=\"wpb_text_column\"><div class=\"wpb_wrapper\"><p>No, no tenemos un m\u00ednimo de compra. Los clientes pueden realizar pedidos de cualquier tama\u00f1o.<\/p>\n<\/div><\/div><\/div><\/div><\/div><div class=\"w-tabs-section\" id=\"t7e8\"><button class=\"w-tabs-section-header\" aria-controls=\"content-t7e8\" aria-expanded=\"false\"><h1 class=\"w-tabs-section-title\">\u00bfQu\u00e9 pol\u00edticas tienen en caso de productos defectuosos o da\u00f1ados durante el env\u00edo?<\/h1><div class=\"w-tabs-section-control\"><\/div><\/button><div  class=\"w-tabs-section-content\" id=\"content-t7e8\"><div class=\"w-tabs-section-content-h i-cf\"><div class=\"wpb_text_column\"><div class=\"wpb_wrapper\"><p>En caso de recibir un producto defectuoso o da\u00f1ado, los clientes pueden ponerse en contacto con nuestro equipo de atenci\u00f3n al cliente para solicitar un reemplazo o un reembolso.<\/p>\n<\/div><\/div><\/div><\/div><\/div><div class=\"w-tabs-section\" id=\"c911\"><button class=\"w-tabs-section-header\" aria-controls=\"content-c911\" aria-expanded=\"false\"><h1 class=\"w-tabs-section-title\">\u00bfC\u00f3mo puedo realizar un seguimiento de mi pedido una vez realizado?<\/h1><div class=\"w-tabs-section-control\"><\/div><\/button><div  class=\"w-tabs-section-content\" id=\"content-c911\"><div class=\"w-tabs-section-content-h i-cf\"><div class=\"wpb_text_column\"><div class=\"wpb_wrapper\"><p>Una vez que se env\u00eda su pedido, proporcionamos un n\u00famero de seguimiento que puede utilizar para rastrear su env\u00edo a trav\u00e9s de nuestra p\u00e1gina web o del servicio de mensajer\u00eda.<\/p>\n<\/div><\/div><\/div><\/div><\/div><div class=\"w-tabs-section\" id=\"ca4b\"><button class=\"w-tabs-section-header\" aria-controls=\"content-ca4b\" aria-expanded=\"false\"><h1 class=\"w-tabs-section-title\">\u00bfOfrecen garant\u00edas en los productos que venden?<\/h1><div class=\"w-tabs-section-control\"><\/div><\/button><div  class=\"w-tabs-section-content\" id=\"content-ca4b\"><div class=\"w-tabs-section-content-h i-cf\"><div class=\"wpb_text_column\"><div class=\"wpb_wrapper\"><p>S\u00ed, muchos de nuestros productos vienen con garant\u00edas del fabricante. Los detalles de la garant\u00eda se proporcionan junto con la descripci\u00f3n del producto en nuestra p\u00e1gina web.<\/p>\n<\/div><\/div><\/div><\/div><\/div><div class=\"w-tabs-section\" id=\"yb75\"><button class=\"w-tabs-section-header\" aria-controls=\"content-yb75\" aria-expanded=\"false\"><h1 class=\"w-tabs-section-title\">\u00bfCu\u00e1l es su pol\u00edtica de devoluci\u00f3n?<\/h1><div class=\"w-tabs-section-control\"><\/div><\/button><div  class=\"w-tabs-section-content\" id=\"content-yb75\"><div class=\"w-tabs-section-content-h i-cf\"><div class=\"wpb_text_column\"><div class=\"wpb_wrapper\"><p>Aceptamos devoluciones dentro de un per\u00edodo determinado despu\u00e9s de la compra analizando caso a caso, siempre y cuando los productos est\u00e9n en su estado original y no hayan sido usados.<\/p>\n<\/div><\/div><\/div><\/div><\/div><div class=\"w-tabs-section\" id=\"kc9d\"><button class=\"w-tabs-section-header\" aria-controls=\"content-kc9d\" aria-expanded=\"false\"><h1 class=\"w-tabs-section-title\">\u00bfTienen un servicio de atenci\u00f3n al cliente para resolver dudas o problemas?<\/h1><div class=\"w-tabs-section-control\"><\/div><\/button><div  class=\"w-tabs-section-content\" id=\"content-kc9d\"><div class=\"w-tabs-section-content-h i-cf\"><div class=\"wpb_text_column\"><div class=\"wpb_wrapper\"><p>S\u00ed, contamos con un equipo de atenci\u00f3n al cliente dedicado que est\u00e1 disponible para ayudar a resolver cualquier duda o problema que los clientes puedan tener.<\/p>\n<\/div><\/div><\/div><\/div><\/div><div class=\"w-tabs-section\" id=\"jdc6\"><button class=\"w-tabs-section-header\" aria-controls=\"content-jdc6\" aria-expanded=\"false\"><h1 class=\"w-tabs-section-title\">\u00bfQu\u00e9 medidas de seguridad tienen para proteger los datos de los clientes durante la compra?<\/h1><div class=\"w-tabs-section-control\"><\/div><\/button><div  class=\"w-tabs-section-content\" id=\"content-jdc6\"><div class=\"w-tabs-section-content-h i-cf\"><div class=\"wpb_text_column\"><div class=\"wpb_wrapper\"><p>Utilizamos tecnolog\u00edas de cifrado y cumplimos con los est\u00e1ndares de seguridad de la industria para proteger los datos personales y financieros de nuestros clientes.<\/p>\n<\/div><\/div><\/div><\/div><\/div><div class=\"w-tabs-section\" id=\"eef5\"><button class=\"w-tabs-section-header\" aria-controls=\"content-eef5\" aria-expanded=\"false\"><h1 class=\"w-tabs-section-title\">\u00bfOfrecen descuentos o promociones especiales en ciertos productos?<\/h1><div class=\"w-tabs-section-control\"><\/div><\/button><div  class=\"w-tabs-section-content\" id=\"content-eef5\"><div class=\"w-tabs-section-content-h i-cf\"><div class=\"wpb_text_column\"><div class=\"wpb_wrapper\"><p>S\u00ed, ocasionalmente ofrecemos descuentos y promociones especiales en ciertos productos. Los clientes pueden estar al tanto de estas ofertas\u00a0 sigui\u00e9ndonos en redes sociales<\/p>\n<\/div><\/div><\/div><\/div><\/div><div class=\"w-tabs-section\" id=\"f01f\"><button class=\"w-tabs-section-header\" aria-controls=\"content-f01f\" aria-expanded=\"false\"><h1 class=\"w-tabs-section-title\">\u00bfPuedo realizar compras al por mayor?<\/h1><div class=\"w-tabs-section-control\"><\/div><\/button><div  class=\"w-tabs-section-content\" id=\"content-f01f\"><div class=\"w-tabs-section-content-h i-cf\"><div class=\"wpb_text_column\"><div class=\"wpb_wrapper\"><p>S\u00ed, ofrecemos descuentos especiales para compras al por mayor. Los clientes interesados en realizar compras al por mayor pueden ponerse en contacto con nuestro equipo de ventas para obtener m\u00e1s informaci\u00f3n.<\/p>\n<\/div><\/div><\/div><\/div><\/div><div class=\"w-tabs-section\" id=\"i149\"><button class=\"w-tabs-section-header\" aria-controls=\"content-i149\" aria-expanded=\"false\"><h1 class=\"w-tabs-section-title\">\u00bfTienen un cat\u00e1logo f\u00edsico disponible?<\/h1><div class=\"w-tabs-section-control\"><\/div><\/button><div  class=\"w-tabs-section-content\" id=\"content-i149\"><div class=\"w-tabs-section-content-h i-cf\"><div class=\"wpb_text_column\"><div class=\"wpb_wrapper\"><p>Actualmente, no ofrecemos un cat\u00e1logo f\u00edsico, pero todos nuestros productos est\u00e1n disponibles para su compra en nuestra p\u00e1gina web, donde se puede encontrar informaci\u00f3n detallada sobre cada art\u00edculo.<\/p>\n<\/div><\/div><\/div><\/div><\/div><\/div><\/div><\/div><\/div><\/div><\/div><\/div><\/section>\n","protected":false},"excerpt":{"rendered":"\u00bfQu\u00e9 tipos de productos ferreteros ofrecen en su p\u00e1gina web?Ofrecemos una amplia gama de productos ferreteros, que incluyen herramientas manuales, herramientas de jardiner\u00eda, suministros de gasfiter\u00eda, materiales de construcci\u00f3n, art\u00edculos de seguridad, entre otros. \u00bfCu\u00e1l es el proceso para realizar una compra en su sitio?El proceso de compra es sencillo. Los usuarios simplemente seleccionan los...","protected":false},"author":3,"featured_media":0,"parent":0,"menu_order":0,"comment_status":"closed","ping_status":"closed","template":"","meta":{"footnotes":""},"class_list":["post-9278","page","type-page","status-publish","hentry"],"_links":{"self":[{"href":"https:\/\/ferrepuertochile.cl\/index.php\/wp-json\/wp\/v2\/pages\/9278","targetHints":{"allow":["GET"]}}],"collection":[{"href":"https:\/\/ferrepuertochile.cl\/index.php\/wp-json\/wp\/v2\/pages"}],"about":[{"href":"https:\/\/ferrepuertochile.cl\/index.php\/wp-json\/wp\/v2\/types\/page"}],"author":[{"embeddable":true,"href":"https:\/\/ferrepuertochile.cl\/index.php\/wp-json\/wp\/v2\/users\/3"}],"replies":[{"embeddable":true,"href":"https:\/\/ferrepuertochile.cl\/index.php\/wp-json\/wp\/v2\/comments?post=9278"}],"version-history":[{"count":4,"href":"https:\/\/ferrepuertochile.cl\/index.php\/wp-json\/wp\/v2\/pages\/9278\/revisions"}],"predecessor-version":[{"id":9692,"href":"https:\/\/ferrepuertochile.cl\/index.php\/wp-json\/wp\/v2\/pages\/9278\/revisions\/9692"}],"wp:attachment":[{"href":"https:\/\/ferrepuertochile.cl\/index.php\/wp-json\/wp\/v2\/media?parent=9278"}],"curies":[{"name":"wp","href":"https:\/\/api.w.org\/{rel}","templated":true}]}}