{"id":11412,"date":"2025-07-28T17:15:56","date_gmt":"2025-07-28T20:15:56","guid":{"rendered":"https:\/\/ferrepuertochile.cl\/?page_id=11412"},"modified":"2025-07-28T17:40:19","modified_gmt":"2025-07-28T20:40:19","slug":"blog","status":"publish","type":"page","link":"https:\/\/ferrepuertochile.cl\/index.php\/blog\/","title":{"rendered":"Blog"},"content":{"rendered":"<section class=\"l-section wpb_row height_auto\"><div class=\"l-section-h i-cf\"><div class=\"g-cols vc_row via_flex valign_top type_default stacking_default\"><div class=\"vc_col-sm-12 wpb_column vc_column_container\"><div class=\"vc_column-inner\"><div class=\"wpb_wrapper\"><div class=\"w-separator size_small\"><\/div><h1 class=\"w-post-elm post_title align_center entry-title color_link_inherit\">Blog<\/h1><div class=\"w-separator size_small\"><\/div><\/div><\/div><\/div><\/div><\/div><\/section><section class=\"l-section wpb_row height_custom\"><div class=\"l-section-h i-cf\"><div class=\"g-cols vc_row via_flex valign_top type_default stacking_default\"><div class=\"vc_col-sm-12 wpb_column vc_column_container\"><div class=\"vc_column-inner\"><div class=\"wpb_wrapper\"><div class=\"w-grid us_grid type_grid layout_11426 cols_4 preload_style_spinner\" id=\"us_grid_1\" style=\"--columns:4;--gap:1.5rem;\" data-filterable=\"true\"><style>@media (max-width:1280px){#us_grid_1{--columns:3!important}}@media (max-width:1024px){#us_grid_1{--columns:2!important}}@media (max-width:600px){#us_grid_1{--columns:1!important}}.layout_11426 .w-grid-item-h{box-shadow:0 0rem 0rem rgba(0,0,0,0.1),0 0rem 0rem rgba(0,0,0,0.1);transition-duration:0.3s}.no-touch .layout_11426 .w-grid-item-h:hover{box-shadow:0 0.05rem 0.1rem rgba(0,0,0,0.1),0 0.17rem 0.5rem rgba(0,0,0,0.15);z-index:4}.layout_11426 .usg_vwrapper_1{border-radius:5px!important}.layout_11426 .usg_post_title_1{font-size:16px!important;font-weight:600!important;padding:12px!important}<\/style><div class=\"w-grid-list\">\t<article class=\"w-grid-item size_1x1 post-12095 post type-post status-publish format-standard has-post-thumbnail hentry category-noticias\" data-id=\"12095\">\r\n\t\t<div class=\"w-grid-item-h\">\r\n\t\t\t\t\t\t<div class=\"w-vwrapper usg_vwrapper_1 align_none valign_top\"><div class=\"w-post-elm post_image usg_post_image_1 has_ratio\"><a href=\"https:\/\/ferrepuertochile.cl\/index.php\/seguridad-y-terminaciones-epp-pinturas-y-soluciones-para-el-hogar-y-la-industria\/\" aria-label=\"Seguridad y terminaciones: EPP, pinturas y soluciones para el hogar y la industria\"><img loading=\"lazy\" decoding=\"async\" width=\"2560\" height=\"1709\" src=\"https:\/\/ferrepuertochile.cl\/wp-content\/uploads\/2026\/03\/portrait-cheerful-young-businessman-construction-site-engineer-close-up-scaled.jpg\" class=\"attachment-full size-full wp-post-image\" alt=\"\" \/><\/a><div style=\"padding-bottom:100%\"><\/div><\/div><p class=\"w-post-elm post_title usg_post_title_1 entry-title color_link_inherit\"><a href=\"https:\/\/ferrepuertochile.cl\/index.php\/seguridad-y-terminaciones-epp-pinturas-y-soluciones-para-el-hogar-y-la-industria\/\">Seguridad y terminaciones: EPP, pinturas y soluciones para el hogar y la industria<\/a><\/p><\/div>\t\t<\/div>\r\n\t\t\t<\/article>\r\n\t<article class=\"w-grid-item size_1x1 post-12092 post type-post status-publish format-standard has-post-thumbnail hentry category-noticias\" data-id=\"12092\">\r\n\t\t<div class=\"w-grid-item-h\">\r\n\t\t\t\t\t\t<div class=\"w-vwrapper usg_vwrapper_1 align_none valign_top\"><div class=\"w-post-elm post_image usg_post_image_1 has_ratio\"><a href=\"https:\/\/ferrepuertochile.cl\/index.php\/productos-esenciales-de-ferreteria-fijaciones-gasfiteria-y-accesorios-electricos\/\" aria-label=\"Productos esenciales de ferreter\u00eda: fijaciones, gasfiter\u00eda y accesorios el\u00e9ctricos\"><img loading=\"lazy\" decoding=\"async\" width=\"2560\" height=\"1707\" src=\"https:\/\/ferrepuertochile.cl\/wp-content\/uploads\/2026\/03\/manual-tool-set-set-wooden-floor-scaled.jpg\" class=\"attachment-full size-full wp-post-image\" alt=\"\" \/><\/a><div style=\"padding-bottom:100%\"><\/div><\/div><p class=\"w-post-elm post_title usg_post_title_1 entry-title color_link_inherit\"><a href=\"https:\/\/ferrepuertochile.cl\/index.php\/productos-esenciales-de-ferreteria-fijaciones-gasfiteria-y-accesorios-electricos\/\">Productos esenciales de ferreter\u00eda: fijaciones, gasfiter\u00eda y accesorios el\u00e9ctricos<\/a><\/p><\/div>\t\t<\/div>\r\n\t\t\t<\/article>\r\n\t<article class=\"w-grid-item size_1x1 post-12089 post type-post status-publish format-standard has-post-thumbnail hentry category-noticias\" data-id=\"12089\">\r\n\t\t<div class=\"w-grid-item-h\">\r\n\t\t\t\t\t\t<div class=\"w-vwrapper usg_vwrapper_1 align_none valign_top\"><div class=\"w-post-elm post_image usg_post_image_1 has_ratio\"><a href=\"https:\/\/ferrepuertochile.cl\/index.php\/materiales-de-construccion-y-ferreteria-industrial-en-el-litoral-central\/\" aria-label=\"Materiales de construcci\u00f3n y ferreter\u00eda industrial en el litoral central\"><img loading=\"lazy\" decoding=\"async\" width=\"2560\" height=\"1707\" src=\"https:\/\/ferrepuertochile.cl\/wp-content\/uploads\/2026\/03\/various-building-materials-neatly-arranged-wooden-table-including-bricks-concrete-blocks-wooden-planks-metal-rods-scaled.jpg\" class=\"attachment-full size-full wp-post-image\" alt=\"\" \/><\/a><div style=\"padding-bottom:100%\"><\/div><\/div><p class=\"w-post-elm post_title usg_post_title_1 entry-title color_link_inherit\"><a href=\"https:\/\/ferrepuertochile.cl\/index.php\/materiales-de-construccion-y-ferreteria-industrial-en-el-litoral-central\/\">Materiales de construcci\u00f3n y ferreter\u00eda industrial en el litoral central<\/a><\/p><\/div>\t\t<\/div>\r\n\t\t\t<\/article>\r\n\t<article class=\"w-grid-item size_1x1 post-12086 post type-post status-publish format-standard has-post-thumbnail hentry category-noticias\" data-id=\"12086\">\r\n\t\t<div class=\"w-grid-item-h\">\r\n\t\t\t\t\t\t<div class=\"w-vwrapper usg_vwrapper_1 align_none valign_top\"><div class=\"w-post-elm post_image usg_post_image_1 has_ratio\"><a href=\"https:\/\/ferrepuertochile.cl\/index.php\/herramientas-electricas-en-san-antonio-y-valparaiso-potencia-y-eficiencia-para-tus-proyectos\/\" aria-label=\"Herramientas el\u00e9ctricas en San Antonio y Valpara\u00edso: potencia y eficiencia para tus proyectos\"><img loading=\"lazy\" decoding=\"async\" width=\"1024\" height=\"1024\" src=\"https:\/\/ferrepuertochile.cl\/wp-content\/uploads\/2025\/12\/1.jpg\" class=\"attachment-full size-full wp-post-image\" alt=\"\" \/><\/a><div style=\"padding-bottom:100%\"><\/div><\/div><p class=\"w-post-elm post_title usg_post_title_1 entry-title color_link_inherit\"><a href=\"https:\/\/ferrepuertochile.cl\/index.php\/herramientas-electricas-en-san-antonio-y-valparaiso-potencia-y-eficiencia-para-tus-proyectos\/\">Herramientas el\u00e9ctricas en San Antonio y Valpara\u00edso: potencia y eficiencia para tus proyectos<\/a><\/p><\/div>\t\t<\/div>\r\n\t\t\t<\/article>\r\n\t<article class=\"w-grid-item size_1x1 post-12084 post type-post status-publish format-standard has-post-thumbnail hentry category-noticias\" data-id=\"12084\">\r\n\t\t<div class=\"w-grid-item-h\">\r\n\t\t\t\t\t\t<div class=\"w-vwrapper usg_vwrapper_1 align_none valign_top\"><div class=\"w-post-elm post_image usg_post_image_1 has_ratio\"><a href=\"https:\/\/ferrepuertochile.cl\/index.php\/ferreteria-online-en-san-antonio-compra-facil-rapida-y-con-despacho\/\" aria-label=\"Ferreter\u00eda online en San Antonio: compra f\u00e1cil, r\u00e1pida y con despacho\"><img loading=\"lazy\" decoding=\"async\" width=\"1024\" height=\"1024\" src=\"https:\/\/ferrepuertochile.cl\/wp-content\/uploads\/2025\/12\/3.jpg\" class=\"attachment-full size-full wp-post-image\" alt=\"\" \/><\/a><div style=\"padding-bottom:100%\"><\/div><\/div><p class=\"w-post-elm post_title usg_post_title_1 entry-title color_link_inherit\"><a href=\"https:\/\/ferrepuertochile.cl\/index.php\/ferreteria-online-en-san-antonio-compra-facil-rapida-y-con-despacho\/\">Ferreter\u00eda online en San Antonio: compra f\u00e1cil, r\u00e1pida y con despacho<\/a><\/p><\/div>\t\t<\/div>\r\n\t\t\t<\/article>\r\n\t<article class=\"w-grid-item size_1x1 post-11467 post type-post status-publish format-standard has-post-thumbnail hentry category-noticias\" data-id=\"11467\">\r\n\t\t<div class=\"w-grid-item-h\">\r\n\t\t\t\t\t\t<div class=\"w-vwrapper usg_vwrapper_1 align_none valign_top\"><div class=\"w-post-elm post_image usg_post_image_1 has_ratio\"><a href=\"https:\/\/ferrepuertochile.cl\/index.php\/pinturas-y-esmaltes\/\" aria-label=\"Pinturas y esmaltes\"><img loading=\"lazy\" decoding=\"async\" width=\"1000\" height=\"1498\" src=\"https:\/\/ferrepuertochile.cl\/wp-content\/uploads\/2025\/08\/closeup-foto-de-una-persona-que-usa-rodillos-de-pintura-con-el-color-azul.jpg\" class=\"attachment-full size-full wp-post-image\" alt=\"\" \/><\/a><div style=\"padding-bottom:100%\"><\/div><\/div><p class=\"w-post-elm post_title usg_post_title_1 entry-title color_link_inherit\"><a href=\"https:\/\/ferrepuertochile.cl\/index.php\/pinturas-y-esmaltes\/\">Pinturas y esmaltes<\/a><\/p><\/div>\t\t<\/div>\r\n\t\t\t<\/article>\r\n\t<article class=\"w-grid-item size_1x1 post-11464 post type-post status-publish format-standard has-post-thumbnail hentry category-noticias\" data-id=\"11464\">\r\n\t\t<div class=\"w-grid-item-h\">\r\n\t\t\t\t\t\t<div class=\"w-vwrapper usg_vwrapper_1 align_none valign_top\"><div class=\"w-post-elm post_image usg_post_image_1 has_ratio\"><a href=\"https:\/\/ferrepuertochile.cl\/index.php\/canerias-y-accesorios-pvc\/\" aria-label=\"Ca\u00f1erias y accesorios PVC\"><img loading=\"lazy\" decoding=\"async\" width=\"1000\" height=\"667\" src=\"https:\/\/ferrepuertochile.cl\/wp-content\/uploads\/2025\/08\/equipo-sanitario.jpg\" class=\"attachment-full size-full wp-post-image\" alt=\"\" \/><\/a><div style=\"padding-bottom:100%\"><\/div><\/div><p class=\"w-post-elm post_title usg_post_title_1 entry-title color_link_inherit\"><a href=\"https:\/\/ferrepuertochile.cl\/index.php\/canerias-y-accesorios-pvc\/\">Ca\u00f1erias y accesorios PVC<\/a><\/p><\/div>\t\t<\/div>\r\n\t\t\t<\/article>\r\n\t<article class=\"w-grid-item size_1x1 post-11461 post type-post status-publish format-standard has-post-thumbnail hentry category-noticias\" data-id=\"11461\">\r\n\t\t<div class=\"w-grid-item-h\">\r\n\t\t\t\t\t\t<div class=\"w-vwrapper usg_vwrapper_1 align_none valign_top\"><div class=\"w-post-elm post_image usg_post_image_1 has_ratio\"><a href=\"https:\/\/ferrepuertochile.cl\/index.php\/elementos-de-proteccion-personal\/\" aria-label=\"Elementos de protecci\u00f3n personal\"><img loading=\"lazy\" decoding=\"async\" width=\"1000\" height=\"714\" src=\"https:\/\/ferrepuertochile.cl\/wp-content\/uploads\/2025\/08\/vista-frontal-de-gafas-protectoras-con-casco-y-auriculares.jpg\" class=\"attachment-full size-full wp-post-image\" alt=\"\" \/><\/a><div style=\"padding-bottom:100%\"><\/div><\/div><p class=\"w-post-elm post_title usg_post_title_1 entry-title color_link_inherit\"><a href=\"https:\/\/ferrepuertochile.cl\/index.php\/elementos-de-proteccion-personal\/\">Elementos de protecci\u00f3n personal<\/a><\/p><\/div>\t\t<\/div>\r\n\t\t\t<\/article>\r\n\t<article class=\"w-grid-item size_1x1 post-11458 post type-post status-publish format-standard has-post-thumbnail hentry category-noticias\" data-id=\"11458\">\r\n\t\t<div class=\"w-grid-item-h\">\r\n\t\t\t\t\t\t<div class=\"w-vwrapper usg_vwrapper_1 align_none valign_top\"><div class=\"w-post-elm post_image usg_post_image_1 has_ratio\"><a href=\"https:\/\/ferrepuertochile.cl\/index.php\/ferreteria-online-chile-como-comprar-con-seguridad-y-rapidez\/\" aria-label=\"Ferreter\u00eda online Chile: c\u00f3mo comprar con seguridad y rapidez\"><img loading=\"lazy\" decoding=\"async\" width=\"1000\" height=\"667\" src=\"https:\/\/ferrepuertochile.cl\/wp-content\/uploads\/2025\/08\/ventas-de-cyber-monday-shopping.jpg\" class=\"attachment-full size-full wp-post-image\" alt=\"\" \/><\/a><div style=\"padding-bottom:100%\"><\/div><\/div><p class=\"w-post-elm post_title usg_post_title_1 entry-title color_link_inherit\"><a href=\"https:\/\/ferrepuertochile.cl\/index.php\/ferreteria-online-chile-como-comprar-con-seguridad-y-rapidez\/\">Ferreter\u00eda online Chile: c\u00f3mo comprar con seguridad y rapidez<\/a><\/p><\/div>\t\t<\/div>\r\n\t\t\t<\/article>\r\n\t<article class=\"w-grid-item size_1x1 post-11455 post type-post status-publish format-standard has-post-thumbnail hentry category-noticias\" data-id=\"11455\">\r\n\t\t<div class=\"w-grid-item-h\">\r\n\t\t\t\t\t\t<div class=\"w-vwrapper usg_vwrapper_1 align_none valign_top\"><div class=\"w-post-elm post_image usg_post_image_1 has_ratio\"><a href=\"https:\/\/ferrepuertochile.cl\/index.php\/que-incluye-un-buen-kit-de-herramientas-electricas-para-comenzar\/\" aria-label=\"\u00bfQu\u00e9 incluye un buen kit de herramientas el\u00e9ctricas para comenzar?\"><img loading=\"lazy\" decoding=\"async\" width=\"1000\" height=\"894\" src=\"https:\/\/ferrepuertochile.cl\/wp-content\/uploads\/2025\/08\/taladro-destornillador-inalambrico-electrico-aislado-sobre-fondo-blanco-herramienta-profesional-de-reparacion-del-hogar-herramienta-electrica-manual-espacio-de-copia-diseno-de-maquetas.jpg\" class=\"attachment-full size-full wp-post-image\" alt=\"\" \/><\/a><div style=\"padding-bottom:100%\"><\/div><\/div><p class=\"w-post-elm post_title usg_post_title_1 entry-title color_link_inherit\"><a href=\"https:\/\/ferrepuertochile.cl\/index.php\/que-incluye-un-buen-kit-de-herramientas-electricas-para-comenzar\/\">\u00bfQu\u00e9 incluye un buen kit de herramientas el\u00e9ctricas para comenzar?<\/a><\/p><\/div>\t\t<\/div>\r\n\t\t\t<\/article>\r\n<\/div>\t<div class=\"w-grid-preloader\">\r\n\t\t<div class=\"g-preloader type_1\">\r\n\t\t\t<div><\/div>\r\n\t\t<\/div>\r\n\t<\/div>\r\n\t\t<div class=\"w-grid-json hidden\" onclick='return {&quot;action&quot;:&quot;us_ajax_grid&quot;,&quot;infinite_scroll&quot;:0,&quot;max_num_pages&quot;:2,&quot;pagination&quot;:&quot;none&quot;,&quot;template_vars&quot;:{&quot;columns&quot;:&quot;4&quot;,&quot;exclude_items&quot;:&quot;none&quot;,&quot;img_size&quot;:&quot;default&quot;,&quot;ignore_items_size&quot;:0,&quot;items_layout&quot;:&quot;11426&quot;,&quot;items_offset&quot;:&quot;1&quot;,&quot;load_animation&quot;:&quot;none&quot;,&quot;overriding_link&quot;:&quot;%7B%22url%22%3A%22%22%7D&quot;,&quot;post_id&quot;:0,&quot;query_args&quot;:{&quot;post_type&quot;:[&quot;post&quot;],&quot;tax_query&quot;:[{&quot;taxonomy&quot;:&quot;category&quot;,&quot;field&quot;:&quot;slug&quot;,&quot;terms&quot;:[&quot;noticias&quot;]}],&quot;post_status&quot;:[&quot;publish&quot;,&quot;wc-shipping-progress&quot;],&quot;posts_per_page&quot;:&quot;10&quot;},&quot;orderby_query_args&quot;:{&quot;orderby&quot;:{&quot;date&quot;:&quot;DESC&quot;}},&quot;type&quot;:&quot;grid&quot;,&quot;us_grid_post_type&quot;:&quot;post&quot;,&quot;us_grid_ajax_index&quot;:1,&quot;us_grid_filter_query_string&quot;:null,&quot;us_grid_index&quot;:1,&quot;page_args&quot;:[]}}'><\/div>\r\n\t<\/div><\/div><\/div><\/div><\/div><\/div><\/section>\n","protected":false},"excerpt":{"rendered":"\u00bfQu\u00e9 incluye un buen kit de herramientas el\u00e9ctricas para comenzar? Iniciar tu caja de herramientas con equipos el\u00e9ctricos es una excelente decisi\u00f3n si quieres realizar reparaciones, mejoras o proyectos en casa o en tu taller. Desde Ferrepuerto, ferreter\u00eda l\u00edder en San Antonio y el Litoral Central, te contamos qu\u00e9 no puede faltar en tu primer...","protected":false},"author":3,"featured_media":0,"parent":0,"menu_order":0,"comment_status":"closed","ping_status":"closed","template":"","meta":{"footnotes":""},"class_list":["post-11412","page","type-page","status-publish","hentry"],"_links":{"self":[{"href":"https:\/\/ferrepuertochile.cl\/index.php\/wp-json\/wp\/v2\/pages\/11412","targetHints":{"allow":["GET"]}}],"collection":[{"href":"https:\/\/ferrepuertochile.cl\/index.php\/wp-json\/wp\/v2\/pages"}],"about":[{"href":"https:\/\/ferrepuertochile.cl\/index.php\/wp-json\/wp\/v2\/types\/page"}],"author":[{"embeddable":true,"href":"https:\/\/ferrepuertochile.cl\/index.php\/wp-json\/wp\/v2\/users\/3"}],"replies":[{"embeddable":true,"href":"https:\/\/ferrepuertochile.cl\/index.php\/wp-json\/wp\/v2\/comments?post=11412"}],"version-history":[{"count":4,"href":"https:\/\/ferrepuertochile.cl\/index.php\/wp-json\/wp\/v2\/pages\/11412\/revisions"}],"predecessor-version":[{"id":11427,"href":"https:\/\/ferrepuertochile.cl\/index.php\/wp-json\/wp\/v2\/pages\/11412\/revisions\/11427"}],"wp:attachment":[{"href":"https:\/\/ferrepuertochile.cl\/index.php\/wp-json\/wp\/v2\/media?parent=11412"}],"curies":[{"name":"wp","href":"https:\/\/api.w.org\/{rel}","templated":true}]}}